{"id":10,"date":"2015-11-17T12:01:33","date_gmt":"2015-11-17T11:01:33","guid":{"rendered":"http:\/\/balalaikarus.de\/_\/?page_id=10"},"modified":"2021-11-21T03:12:20","modified_gmt":"2021-11-21T02:12:20","slug":"geschichte","status":"publish","type":"page","link":"https:\/\/balalaikarus.de\/en\/geschichte\/","title":{"rendered":"History"},"content":{"rendered":"<p><\/p>\n<h2>The history of the balalaika dates back to the 17-th century.<\/h2>\n<p><img decoding=\"async\" width=\"284\" height=\"300\" class=\"alignleft size-medium wp-image-12\" src=\"http:\/\/balalaikarus.de\/_\/wp-content\/uploads\/2015\/11\/Balalaika_spieler-284x300.jpg\" alt=\"Balalaika_spieler\" srcset=\"https:\/\/balalaikarus.de\/wp-content\/uploads\/2015\/11\/Balalaika_spieler-284x300.jpg 284w, https:\/\/balalaikarus.de\/wp-content\/uploads\/2015\/11\/Balalaika_spieler-76x80.jpg 76w, https:\/\/balalaikarus.de\/wp-content\/uploads\/2015\/11\/Balalaika_spieler.jpg 500w\" sizes=\"(max-width: 284px) 100vw, 284px\" \/>This instrument seems quite strange. Although it has but three strings and two of them are even: e-e-a it offers a great range of musical potential. In the old times Russian jugglers played the balalaika.<\/p>\n<p>On hearing the word balalaika the well known Russian folk melodies come to mind: &#8220;Kalinka&#8221;, &#8220;Katiusha&#8221;, or &#8220;Stenka Razin&#8221;. Played on the balalaika they are beautiful but the musical spectrum of the instrument is much wider. The famous author Count Leo Tolstoy once said: &#8220;I have indeed heard a woman&#8217;s tender voice. From the distance the balalaika&#8217;s sound suggests the illusion of a singing voice. Striking the strings you will notice the fingers when this is executed next to you but from afar another impression prevails: the effortless merge of pure sound.&#8221;<br \/>\nIn the hands of the artist the supposedly &#8220;primitive&#8221; instrument comes to real life. It laughs, it cries, it utters speech. Studying the balalaika in Russia comprises vast knowledge of the classic traditions, both European and Russian.<\/p>\n<p><img decoding=\"async\" width=\"550\" height=\"277\" src=\"http:\/\/balalaikarus.de\/_\/wp-content\/uploads\/2015\/11\/history_balalaika.jpg\" alt=\"history_balalaika\" class=\"alignnone size-medium wp-image-121\" srcset=\"https:\/\/balalaikarus.de\/wp-content\/uploads\/2015\/11\/history_balalaika.jpg 550w, https:\/\/balalaikarus.de\/wp-content\/uploads\/2015\/11\/history_balalaika-300x151.jpg 300w, https:\/\/balalaikarus.de\/wp-content\/uploads\/2015\/11\/history_balalaika-159x80.jpg 159w\" sizes=\"(max-width: 550px) 100vw, 550px\" \/><\/p>\n<p>In addition to this I love the music of Latin America played on the balalaika. Two instruments come close to the balalaika in sound, the cavaquinho and the bandalim. Perhaps the day is not far when the balalaika will be classed with the Brazilian folk-instruments, too.<\/p>","protected":false},"excerpt":{"rendered":"<p>The history of the balalaika dates back to the 17-th century. This instrument seems quite strange. Although it has but three strings and two of them are even: e-e-a it offers a great range of<span class=\"more-button\"><a href=\"https:\/\/balalaikarus.de\/en\/geschichte\/\" class=\"more-link\">Continue reading<span class=\"screen-reader-text\">History<\/span><i class=\"fa fa-angle-right\" aria-hidden=\"true\"><\/i><\/a><\/span><\/p>\n","protected":false},"author":2,"featured_media":121,"parent":0,"menu_order":7,"comment_status":"closed","ping_status":"closed","template":"","meta":{"footnotes":"","_links_to":"","_links_to_target":""},"class_list":["post-10","page","type-page","status-publish","has-post-thumbnail","hentry"],"yoast_head":"<!-- This site is optimized with the Yoast SEO plugin v27.5 - https:\/\/yoast.com\/product\/yoast-seo-wordpress\/ -->\n<title>History - Paperny Alexander<\/title>\n<meta name=\"description\" content=\"Was k\u00f6nnte die geheimnisvolle russische Seele besser ausdr\u00fccken als die Balalaika, deren virtuose Klangm\u00f6glichkeiten Alexander Paperny uns vorf\u00fchrt?\" \/>\n<meta name=\"robots\" content=\"index, follow, max-snippet:-1, max-image-preview:large, max-video-preview:-1\" \/>\n<link rel=\"canonical\" href=\"https:\/\/balalaikarus.de\/geschichte\/\" \/>\n<meta property=\"og:locale\" content=\"en_US\" \/>\n<meta property=\"og:type\" content=\"article\" \/>\n<meta property=\"og:title\" content=\"History - Paperny Alexander\" \/>\n<meta property=\"og:description\" content=\"Was k\u00f6nnte die geheimnisvolle russische Seele besser ausdr\u00fccken als die Balalaika, deren virtuose Klangm\u00f6glichkeiten Alexander Paperny uns vorf\u00fchrt?\" \/>\n<meta property=\"og:url\" content=\"https:\/\/balalaikarus.de\/geschichte\/\" \/>\n<meta property=\"og:site_name\" content=\"Paperny Alexander\" \/>\n<meta property=\"article:publisher\" content=\"https:\/\/www.facebook.com\/alexander.paperny\" \/>\n<meta property=\"article:modified_time\" content=\"2021-11-21T02:12:20+00:00\" \/>\n<meta property=\"og:image\" content=\"https:\/\/balalaikarus.de\/wp-content\/uploads\/2015\/11\/history_balalaika.jpg\" \/>\n\t<meta property=\"og:image:width\" content=\"550\" \/>\n\t<meta property=\"og:image:height\" content=\"277\" \/>\n\t<meta property=\"og:image:type\" content=\"image\/jpeg\" \/>\n<meta name=\"twitter:card\" content=\"summary_large_image\" \/>\n<meta name=\"twitter:label1\" content=\"Est. reading time\" \/>\n\t<meta name=\"twitter:data1\" content=\"3 minutes\" \/>\n<script type=\"application\/ld+json\" class=\"yoast-schema-graph\">{\"@context\":\"https:\\\/\\\/schema.org\",\"@graph\":[{\"@type\":\"WebPage\",\"@id\":\"https:\\\/\\\/balalaikarus.de\\\/geschichte\\\/\",\"url\":\"https:\\\/\\\/balalaikarus.de\\\/geschichte\\\/\",\"name\":\"History - Paperny Alexander\",\"isPartOf\":{\"@id\":\"https:\\\/\\\/balalaikarus.de\\\/#website\"},\"primaryImageOfPage\":{\"@id\":\"https:\\\/\\\/balalaikarus.de\\\/geschichte\\\/#primaryimage\"},\"image\":{\"@id\":\"https:\\\/\\\/balalaikarus.de\\\/geschichte\\\/#primaryimage\"},\"thumbnailUrl\":\"https:\\\/\\\/balalaikarus.de\\\/wp-content\\\/uploads\\\/2015\\\/11\\\/history_balalaika.jpg\",\"datePublished\":\"2015-11-17T11:01:33+00:00\",\"dateModified\":\"2021-11-21T02:12:20+00:00\",\"description\":\"Was k\u00f6nnte die geheimnisvolle russische Seele besser ausdr\u00fccken als die Balalaika, deren virtuose Klangm\u00f6glichkeiten Alexander Paperny uns vorf\u00fchrt?\",\"breadcrumb\":{\"@id\":\"https:\\\/\\\/balalaikarus.de\\\/geschichte\\\/#breadcrumb\"},\"inLanguage\":\"en-US\",\"potentialAction\":[{\"@type\":\"ReadAction\",\"target\":[\"https:\\\/\\\/balalaikarus.de\\\/geschichte\\\/\"]}]},{\"@type\":\"ImageObject\",\"inLanguage\":\"en-US\",\"@id\":\"https:\\\/\\\/balalaikarus.de\\\/geschichte\\\/#primaryimage\",\"url\":\"https:\\\/\\\/balalaikarus.de\\\/wp-content\\\/uploads\\\/2015\\\/11\\\/history_balalaika.jpg\",\"contentUrl\":\"https:\\\/\\\/balalaikarus.de\\\/wp-content\\\/uploads\\\/2015\\\/11\\\/history_balalaika.jpg\",\"width\":550,\"height\":277},{\"@type\":\"BreadcrumbList\",\"@id\":\"https:\\\/\\\/balalaikarus.de\\\/geschichte\\\/#breadcrumb\",\"itemListElement\":[{\"@type\":\"ListItem\",\"position\":1,\"name\":\"Home\",\"item\":\"https:\\\/\\\/balalaikarus.de\\\/\"},{\"@type\":\"ListItem\",\"position\":2,\"name\":\"[:de]Geschichte[:en]History[:ru]\u0418\u0441\u0442\u043e\u0440\u0438\u044f[:]\"}]},{\"@type\":\"WebSite\",\"@id\":\"https:\\\/\\\/balalaikarus.de\\\/#website\",\"url\":\"https:\\\/\\\/balalaikarus.de\\\/\",\"name\":\"Paperny Alexander\",\"description\":\"Fascination of the balalaika\",\"potentialAction\":[{\"@type\":\"SearchAction\",\"target\":{\"@type\":\"EntryPoint\",\"urlTemplate\":\"https:\\\/\\\/balalaikarus.de\\\/?s={search_term_string}\"},\"query-input\":{\"@type\":\"PropertyValueSpecification\",\"valueRequired\":true,\"valueName\":\"search_term_string\"}}],\"inLanguage\":\"en-US\"}]}<\/script>\n<!-- \/ Yoast SEO plugin. -->","yoast_head_json":{"title":"History - Paperny Alexander","description":"Was k\u00f6nnte die geheimnisvolle russische Seele besser ausdr\u00fccken als die Balalaika, deren virtuose Klangm\u00f6glichkeiten Alexander Paperny uns vorf\u00fchrt?","robots":{"index":"index","follow":"follow","max-snippet":"max-snippet:-1","max-image-preview":"max-image-preview:large","max-video-preview":"max-video-preview:-1"},"canonical":"https:\/\/balalaikarus.de\/geschichte\/","og_locale":"en_US","og_type":"article","og_title":"History - Paperny Alexander","og_description":"Was k\u00f6nnte die geheimnisvolle russische Seele besser ausdr\u00fccken als die Balalaika, deren virtuose Klangm\u00f6glichkeiten Alexander Paperny uns vorf\u00fchrt?","og_url":"https:\/\/balalaikarus.de\/geschichte\/","og_site_name":"Paperny Alexander","article_publisher":"https:\/\/www.facebook.com\/alexander.paperny","article_modified_time":"2021-11-21T02:12:20+00:00","og_image":[{"width":550,"height":277,"url":"https:\/\/balalaikarus.de\/wp-content\/uploads\/2015\/11\/history_balalaika.jpg","type":"image\/jpeg"}],"twitter_card":"summary_large_image","twitter_misc":{"Est. reading time":"3 minutes"},"schema":{"@context":"https:\/\/schema.org","@graph":[{"@type":"WebPage","@id":"https:\/\/balalaikarus.de\/geschichte\/","url":"https:\/\/balalaikarus.de\/geschichte\/","name":"History - Paperny Alexander","isPartOf":{"@id":"https:\/\/balalaikarus.de\/#website"},"primaryImageOfPage":{"@id":"https:\/\/balalaikarus.de\/geschichte\/#primaryimage"},"image":{"@id":"https:\/\/balalaikarus.de\/geschichte\/#primaryimage"},"thumbnailUrl":"https:\/\/balalaikarus.de\/wp-content\/uploads\/2015\/11\/history_balalaika.jpg","datePublished":"2015-11-17T11:01:33+00:00","dateModified":"2021-11-21T02:12:20+00:00","description":"Was k\u00f6nnte die geheimnisvolle russische Seele besser ausdr\u00fccken als die Balalaika, deren virtuose Klangm\u00f6glichkeiten Alexander Paperny uns vorf\u00fchrt?","breadcrumb":{"@id":"https:\/\/balalaikarus.de\/geschichte\/#breadcrumb"},"inLanguage":"en-US","potentialAction":[{"@type":"ReadAction","target":["https:\/\/balalaikarus.de\/geschichte\/"]}]},{"@type":"ImageObject","inLanguage":"en-US","@id":"https:\/\/balalaikarus.de\/geschichte\/#primaryimage","url":"https:\/\/balalaikarus.de\/wp-content\/uploads\/2015\/11\/history_balalaika.jpg","contentUrl":"https:\/\/balalaikarus.de\/wp-content\/uploads\/2015\/11\/history_balalaika.jpg","width":550,"height":277},{"@type":"BreadcrumbList","@id":"https:\/\/balalaikarus.de\/geschichte\/#breadcrumb","itemListElement":[{"@type":"ListItem","position":1,"name":"Home","item":"https:\/\/balalaikarus.de\/"},{"@type":"ListItem","position":2,"name":"[:de]Geschichte[:en]History[:ru]\u0418\u0441\u0442\u043e\u0440\u0438\u044f[:]"}]},{"@type":"WebSite","@id":"https:\/\/balalaikarus.de\/#website","url":"https:\/\/balalaikarus.de\/","name":"Paperny Alexander","description":"Fascination of the balalaika","potentialAction":[{"@type":"SearchAction","target":{"@type":"EntryPoint","urlTemplate":"https:\/\/balalaikarus.de\/?s={search_term_string}"},"query-input":{"@type":"PropertyValueSpecification","valueRequired":true,"valueName":"search_term_string"}}],"inLanguage":"en-US"}]}},"_links":{"self":[{"href":"https:\/\/balalaikarus.de\/en\/wp-json\/wp\/v2\/pages\/10","targetHints":{"allow":["GET"]}}],"collection":[{"href":"https:\/\/balalaikarus.de\/en\/wp-json\/wp\/v2\/pages"}],"about":[{"href":"https:\/\/balalaikarus.de\/en\/wp-json\/wp\/v2\/types\/page"}],"author":[{"embeddable":true,"href":"https:\/\/balalaikarus.de\/en\/wp-json\/wp\/v2\/users\/2"}],"replies":[{"embeddable":true,"href":"https:\/\/balalaikarus.de\/en\/wp-json\/wp\/v2\/comments?post=10"}],"version-history":[{"count":11,"href":"https:\/\/balalaikarus.de\/en\/wp-json\/wp\/v2\/pages\/10\/revisions"}],"predecessor-version":[{"id":373,"href":"https:\/\/balalaikarus.de\/en\/wp-json\/wp\/v2\/pages\/10\/revisions\/373"}],"wp:featuredmedia":[{"embeddable":true,"href":"https:\/\/balalaikarus.de\/en\/wp-json\/wp\/v2\/media\/121"}],"wp:attachment":[{"href":"https:\/\/balalaikarus.de\/en\/wp-json\/wp\/v2\/media?parent=10"}],"curies":[{"name":"wp","href":"https:\/\/api.w.org\/{rel}","templated":true}]}}