{"id":14,"date":"2015-11-17T12:04:13","date_gmt":"2015-11-17T11:04:13","guid":{"rendered":"http:\/\/balalaikarus.de\/_\/?page_id=14"},"modified":"2021-12-14T21:10:21","modified_gmt":"2021-12-14T20:10:21","slug":"kontakt","status":"publish","type":"page","link":"https:\/\/balalaikarus.de\/en\/kontakt\/","title":{"rendered":"Contact"},"content":{"rendered":"\t\t<div data-elementor-type=\"wp-page\" data-elementor-id=\"14\" class=\"elementor elementor-14\">\n\t\t\t\t\t\t<section class=\"elementor-section elementor-top-section elementor-element elementor-element-37c02621 elementor-section-boxed elementor-section-height-default elementor-section-height-default\" data-id=\"37c02621\" data-element_type=\"section\" data-e-type=\"section\">\n\t\t\t\t\t\t<div class=\"elementor-container elementor-column-gap-default\">\n\t\t\t\t\t<div class=\"elementor-column elementor-col-100 elementor-top-column elementor-element elementor-element-6665cb2b\" data-id=\"6665cb2b\" data-element_type=\"column\" data-e-type=\"column\">\n\t\t\t<div class=\"elementor-widget-wrap elementor-element-populated\">\n\t\t\t\t\t\t<div class=\"elementor-element elementor-element-6fd87f2 elementor-widget elementor-widget-image\" data-id=\"6fd87f2\" data-element_type=\"widget\" data-e-type=\"widget\" data-widget_type=\"image.default\">\n\t\t\t\t<div class=\"elementor-widget-container\">\n\t\t\t\t\t\t\t\t\t\t\t\t\t\t\t<img fetchpriority=\"high\" decoding=\"async\" width=\"940\" height=\"528\" src=\"https:\/\/balalaikarus.de\/wp-content\/uploads\/2021\/11\/IMG_8974-1-940x528.jpg\" class=\"attachment-post-thumbnail size-post-thumbnail wp-image-779\" alt=\"\" \/>\t\t\t\t\t\t\t\t\t\t\t\t\t\t\t<\/div>\n\t\t\t\t<\/div>\n\t\t\t\t<div class=\"elementor-element elementor-element-963d3f6 elementor-widget elementor-widget-text-editor\" data-id=\"963d3f6\" data-element_type=\"widget\" data-e-type=\"widget\" data-widget_type=\"text-editor.default\">\n\t\t\t\t<div class=\"elementor-widget-container\">\n\t\t\t\t\t\t\t\t\t\n<div class=\"wpcf7 no-js\" id=\"wpcf7-f63-o1\" lang=\"de-DE\" dir=\"ltr\" data-wpcf7-id=\"63\">\n<div class=\"screen-reader-response\"><p role=\"status\" aria-live=\"polite\" aria-atomic=\"true\"><\/p> <ul><\/ul><\/div>\n<form action=\"\/en\/wp-json\/wp\/v2\/pages\/14#wpcf7-f63-o1\" method=\"post\" class=\"wpcf7-form init\" aria-label=\"Kontaktformular\" novalidate=\"novalidate\" data-status=\"init\">\n<fieldset class=\"hidden-fields-container\"><input type=\"hidden\" name=\"_wpcf7\" value=\"63\" \/><input type=\"hidden\" name=\"_wpcf7_version\" value=\"6.1.5\" \/><input type=\"hidden\" name=\"_wpcf7_locale\" value=\"de_DE\" \/><input type=\"hidden\" name=\"_wpcf7_unit_tag\" value=\"wpcf7-f63-o1\" \/><input type=\"hidden\" name=\"_wpcf7_container_post\" value=\"0\" \/><input type=\"hidden\" name=\"_wpcf7_posted_data_hash\" value=\"\" \/>\n<\/fieldset>\n<p>Ihr Name*\n<\/p>\n<p><span class=\"wpcf7-form-control-wrap\" data-name=\"your-name\"><input size=\"40\" maxlength=\"400\" class=\"wpcf7-form-control wpcf7-text wpcf7-validates-as-required\" aria-required=\"true\" aria-invalid=\"false\" value=\"\" type=\"text\" name=\"your-name\" \/><\/span>\n<\/p>\n<p>Ihre E-Mail-Adresse*\n<\/p>\n<p><span class=\"wpcf7-form-control-wrap\" data-name=\"your-email\"><input size=\"40\" maxlength=\"400\" class=\"wpcf7-form-control wpcf7-email wpcf7-validates-as-required wpcf7-text wpcf7-validates-as-email\" aria-required=\"true\" aria-invalid=\"false\" value=\"\" type=\"email\" name=\"your-email\" \/><\/span>\n<\/p>\n<p>Ihre Nachricht*\n<\/p>\n<p><span class=\"wpcf7-form-control-wrap\" data-name=\"your-message\"><textarea cols=\"40\" rows=\"10\" maxlength=\"2000\" class=\"wpcf7-form-control wpcf7-textarea wpcf7-validates-as-required\" aria-required=\"true\" aria-invalid=\"false\" name=\"your-message\"><\/textarea><\/span>\n<\/p>\n<p><input class=\"wpcf7-form-control wpcf7-submit has-spinner\" type=\"submit\" value=\"Senden\" \/>\n<\/p><div class=\"wpcf7-response-output\" aria-hidden=\"true\"><\/div>\n<\/form>\n<\/div>\n\r\n<p>&nbsp;<\/p>\r\n<p>&nbsp;<\/p>\r\n<div style=\"width:100%;clear: both;\" class=\"group\">\r\n\r\n<table><tr><td width=30><i class=\"fa fa-phone\"><\/i><\/td><td>+49(0)41 01\/51 42 98<\/td><\/tr>\r\n<tr><td><i class=\"fa fa-fax\"><\/i><\/td><td>+49(0)41 01\/86 96 23<\/td><\/tr>\r\n<tr><td><i class=\"fa fa-mobile\"><\/i><\/td><td>+49(0)179\/527 52 25<\/td><\/tr><\/table><\/div>\t\t\t\t\t\t\t\t<\/div>\n\t\t\t\t<\/div>\n\t\t\t\t\t<\/div>\n\t\t<\/div>\n\t\t\t\t\t<\/div>\n\t\t<\/section>\n\t\t\t\t<\/div>\n\t\t","protected":false},"excerpt":{"rendered":"<p>Sorry, this entry is only available in Deutsch. For the sake of viewer convenience, the content is shown below in the alternative language. You may click the link to switch the active language. &nbsp; &nbsp;<span class=\"more-button\"><a href=\"https:\/\/balalaikarus.de\/en\/kontakt\/\" class=\"more-link\">Continue reading<span class=\"screen-reader-text\">Contact<\/span><i class=\"fa fa-angle-right\" aria-hidden=\"true\"><\/i><\/a><\/span><\/p>\n","protected":false},"author":2,"featured_media":0,"parent":0,"menu_order":11,"comment_status":"closed","ping_status":"closed","template":"","meta":{"footnotes":"","_links_to":"","_links_to_target":""},"class_list":["post-14","page","type-page","status-publish","hentry"],"yoast_head":"<!-- This site is optimized with the Yoast SEO plugin v27.5 - https:\/\/yoast.com\/product\/yoast-seo-wordpress\/ -->\n<title>Contact - Paperny Alexander<\/title>\n<meta name=\"description\" content=\"Was k\u00f6nnte die geheimnisvolle russische Seele besser ausdr\u00fccken als die Balalaika, deren virtuose Klangm\u00f6glichkeiten Alexander Paperny uns vorf\u00fchrt?\" \/>\n<meta name=\"robots\" content=\"index, follow, max-snippet:-1, max-image-preview:large, max-video-preview:-1\" \/>\n<link rel=\"canonical\" href=\"https:\/\/balalaikarus.de\/kontakt\/\" \/>\n<meta property=\"og:locale\" content=\"en_US\" \/>\n<meta property=\"og:type\" content=\"article\" \/>\n<meta property=\"og:title\" content=\"Contact - Paperny Alexander\" \/>\n<meta property=\"og:description\" content=\"Was k\u00f6nnte die geheimnisvolle russische Seele besser ausdr\u00fccken als die Balalaika, deren virtuose Klangm\u00f6glichkeiten Alexander Paperny uns vorf\u00fchrt?\" \/>\n<meta property=\"og:url\" content=\"https:\/\/balalaikarus.de\/kontakt\/\" \/>\n<meta property=\"og:site_name\" content=\"Paperny Alexander\" \/>\n<meta property=\"article:publisher\" content=\"https:\/\/www.facebook.com\/alexander.paperny\" \/>\n<meta property=\"article:modified_time\" content=\"2021-12-14T20:10:21+00:00\" \/>\n<meta property=\"og:image\" content=\"https:\/\/balalaikarus.de\/wp-content\/uploads\/2021\/11\/IMG_8974-1-940x528.jpg\" \/>\n<meta name=\"twitter:card\" content=\"summary_large_image\" \/>\n<meta name=\"twitter:label1\" content=\"Est. reading time\" \/>\n\t<meta name=\"twitter:data1\" content=\"1 minute\" \/>\n<script type=\"application\/ld+json\" class=\"yoast-schema-graph\">{\"@context\":\"https:\\\/\\\/schema.org\",\"@graph\":[{\"@type\":\"WebPage\",\"@id\":\"https:\\\/\\\/balalaikarus.de\\\/kontakt\\\/\",\"url\":\"https:\\\/\\\/balalaikarus.de\\\/kontakt\\\/\",\"name\":\"Contact - Paperny Alexander\",\"isPartOf\":{\"@id\":\"https:\\\/\\\/balalaikarus.de\\\/#website\"},\"primaryImageOfPage\":{\"@id\":\"https:\\\/\\\/balalaikarus.de\\\/kontakt\\\/#primaryimage\"},\"image\":{\"@id\":\"https:\\\/\\\/balalaikarus.de\\\/kontakt\\\/#primaryimage\"},\"thumbnailUrl\":\"https:\\\/\\\/balalaikarus.de\\\/wp-content\\\/uploads\\\/2021\\\/11\\\/IMG_8974-1-940x528.jpg\",\"datePublished\":\"2015-11-17T11:04:13+00:00\",\"dateModified\":\"2021-12-14T20:10:21+00:00\",\"description\":\"Was k\u00f6nnte die geheimnisvolle russische Seele besser ausdr\u00fccken als die Balalaika, deren virtuose Klangm\u00f6glichkeiten Alexander Paperny uns vorf\u00fchrt?\",\"breadcrumb\":{\"@id\":\"https:\\\/\\\/balalaikarus.de\\\/kontakt\\\/#breadcrumb\"},\"inLanguage\":\"en-US\",\"potentialAction\":[{\"@type\":\"ReadAction\",\"target\":[\"https:\\\/\\\/balalaikarus.de\\\/kontakt\\\/\"]}]},{\"@type\":\"ImageObject\",\"inLanguage\":\"en-US\",\"@id\":\"https:\\\/\\\/balalaikarus.de\\\/kontakt\\\/#primaryimage\",\"url\":\"https:\\\/\\\/balalaikarus.de\\\/wp-content\\\/uploads\\\/2021\\\/11\\\/IMG_8974-1-940x528.jpg\",\"contentUrl\":\"https:\\\/\\\/balalaikarus.de\\\/wp-content\\\/uploads\\\/2021\\\/11\\\/IMG_8974-1-940x528.jpg\"},{\"@type\":\"BreadcrumbList\",\"@id\":\"https:\\\/\\\/balalaikarus.de\\\/kontakt\\\/#breadcrumb\",\"itemListElement\":[{\"@type\":\"ListItem\",\"position\":1,\"name\":\"Home\",\"item\":\"https:\\\/\\\/balalaikarus.de\\\/\"},{\"@type\":\"ListItem\",\"position\":2,\"name\":\"[:de]Kontakt[:en]Contact[:ru]\u041a\u043e\u043d\u0442\u0430\u043a\u0442[:]\"}]},{\"@type\":\"WebSite\",\"@id\":\"https:\\\/\\\/balalaikarus.de\\\/#website\",\"url\":\"https:\\\/\\\/balalaikarus.de\\\/\",\"name\":\"Paperny Alexander\",\"description\":\"Fascination of the balalaika\",\"potentialAction\":[{\"@type\":\"SearchAction\",\"target\":{\"@type\":\"EntryPoint\",\"urlTemplate\":\"https:\\\/\\\/balalaikarus.de\\\/?s={search_term_string}\"},\"query-input\":{\"@type\":\"PropertyValueSpecification\",\"valueRequired\":true,\"valueName\":\"search_term_string\"}}],\"inLanguage\":\"en-US\"}]}<\/script>\n<!-- \/ Yoast SEO plugin. -->","yoast_head_json":{"title":"Contact - Paperny Alexander","description":"Was k\u00f6nnte die geheimnisvolle russische Seele besser ausdr\u00fccken als die Balalaika, deren virtuose Klangm\u00f6glichkeiten Alexander Paperny uns vorf\u00fchrt?","robots":{"index":"index","follow":"follow","max-snippet":"max-snippet:-1","max-image-preview":"max-image-preview:large","max-video-preview":"max-video-preview:-1"},"canonical":"https:\/\/balalaikarus.de\/kontakt\/","og_locale":"en_US","og_type":"article","og_title":"Contact - Paperny Alexander","og_description":"Was k\u00f6nnte die geheimnisvolle russische Seele besser ausdr\u00fccken als die Balalaika, deren virtuose Klangm\u00f6glichkeiten Alexander Paperny uns vorf\u00fchrt?","og_url":"https:\/\/balalaikarus.de\/kontakt\/","og_site_name":"Paperny Alexander","article_publisher":"https:\/\/www.facebook.com\/alexander.paperny","article_modified_time":"2021-12-14T20:10:21+00:00","og_image":[{"url":"https:\/\/balalaikarus.de\/wp-content\/uploads\/2021\/11\/IMG_8974-1-940x528.jpg","type":"","width":"","height":""}],"twitter_card":"summary_large_image","twitter_misc":{"Est. reading time":"1 minute"},"schema":{"@context":"https:\/\/schema.org","@graph":[{"@type":"WebPage","@id":"https:\/\/balalaikarus.de\/kontakt\/","url":"https:\/\/balalaikarus.de\/kontakt\/","name":"Contact - Paperny Alexander","isPartOf":{"@id":"https:\/\/balalaikarus.de\/#website"},"primaryImageOfPage":{"@id":"https:\/\/balalaikarus.de\/kontakt\/#primaryimage"},"image":{"@id":"https:\/\/balalaikarus.de\/kontakt\/#primaryimage"},"thumbnailUrl":"https:\/\/balalaikarus.de\/wp-content\/uploads\/2021\/11\/IMG_8974-1-940x528.jpg","datePublished":"2015-11-17T11:04:13+00:00","dateModified":"2021-12-14T20:10:21+00:00","description":"Was k\u00f6nnte die geheimnisvolle russische Seele besser ausdr\u00fccken als die Balalaika, deren virtuose Klangm\u00f6glichkeiten Alexander Paperny uns vorf\u00fchrt?","breadcrumb":{"@id":"https:\/\/balalaikarus.de\/kontakt\/#breadcrumb"},"inLanguage":"en-US","potentialAction":[{"@type":"ReadAction","target":["https:\/\/balalaikarus.de\/kontakt\/"]}]},{"@type":"ImageObject","inLanguage":"en-US","@id":"https:\/\/balalaikarus.de\/kontakt\/#primaryimage","url":"https:\/\/balalaikarus.de\/wp-content\/uploads\/2021\/11\/IMG_8974-1-940x528.jpg","contentUrl":"https:\/\/balalaikarus.de\/wp-content\/uploads\/2021\/11\/IMG_8974-1-940x528.jpg"},{"@type":"BreadcrumbList","@id":"https:\/\/balalaikarus.de\/kontakt\/#breadcrumb","itemListElement":[{"@type":"ListItem","position":1,"name":"Home","item":"https:\/\/balalaikarus.de\/"},{"@type":"ListItem","position":2,"name":"[:de]Kontakt[:en]Contact[:ru]\u041a\u043e\u043d\u0442\u0430\u043a\u0442[:]"}]},{"@type":"WebSite","@id":"https:\/\/balalaikarus.de\/#website","url":"https:\/\/balalaikarus.de\/","name":"Paperny Alexander","description":"Fascination of the balalaika","potentialAction":[{"@type":"SearchAction","target":{"@type":"EntryPoint","urlTemplate":"https:\/\/balalaikarus.de\/?s={search_term_string}"},"query-input":{"@type":"PropertyValueSpecification","valueRequired":true,"valueName":"search_term_string"}}],"inLanguage":"en-US"}]}},"_links":{"self":[{"href":"https:\/\/balalaikarus.de\/en\/wp-json\/wp\/v2\/pages\/14","targetHints":{"allow":["GET"]}}],"collection":[{"href":"https:\/\/balalaikarus.de\/en\/wp-json\/wp\/v2\/pages"}],"about":[{"href":"https:\/\/balalaikarus.de\/en\/wp-json\/wp\/v2\/types\/page"}],"author":[{"embeddable":true,"href":"https:\/\/balalaikarus.de\/en\/wp-json\/wp\/v2\/users\/2"}],"replies":[{"embeddable":true,"href":"https:\/\/balalaikarus.de\/en\/wp-json\/wp\/v2\/comments?post=14"}],"version-history":[{"count":20,"href":"https:\/\/balalaikarus.de\/en\/wp-json\/wp\/v2\/pages\/14\/revisions"}],"predecessor-version":[{"id":933,"href":"https:\/\/balalaikarus.de\/en\/wp-json\/wp\/v2\/pages\/14\/revisions\/933"}],"wp:attachment":[{"href":"https:\/\/balalaikarus.de\/en\/wp-json\/wp\/v2\/media?parent=14"}],"curies":[{"name":"wp","href":"https:\/\/api.w.org\/{rel}","templated":true}]}}