{"id":17,"date":"2015-11-17T12:05:04","date_gmt":"2015-11-17T11:05:04","guid":{"rendered":"http:\/\/balalaikarus.de\/_\/?page_id=17"},"modified":"2021-11-21T03:12:20","modified_gmt":"2021-11-21T02:12:20","slug":"%d1%80%d1%83%d1%81%d1%81%d0%ba%d0%b8%d0%b9-impressum","status":"publish","type":"page","link":"https:\/\/balalaikarus.de\/en\/%d1%80%d1%83%d1%81%d1%81%d0%ba%d0%b8%d0%b9-impressum\/","title":{"rendered":"Impressum"},"content":{"rendered":"<p class=\"qtranxs-available-languages-message qtranxs-available-languages-message-en\">Sorry, this entry is only available in <a href=\"https:\/\/balalaikarus.de\/de\/wp-json\/wp\/v2\/pages\/17\" class=\"qtranxs-available-language-link qtranxs-available-language-link-de\" title=\"Deutsch\">Deutsch<\/a>. For the sake of viewer convenience, the content is shown below in the alternative language. You may click the link to switch the active language.<\/p><p><\/p>\n<table border=\"0\" cellspacing=\"2\" cellpadding=\"2\">\n<tbody>\n<tr valign=\"top\">\n<td style=\"width:20%;\"><strong>Herausgeber<\/strong><\/td>\n<td><strong>Alexander Paperny<\/strong><br \/>\nH\u00e4tschenkamp 48<br \/>\n25421 Pinneberg<\/p>\n<table border=\"0\" cellspacing=\"0\" cellpadding=\"0\">\n<tbody>\n<tr valign=\"top\">\n<td width=\"30%;\">Telefon:<\/td>\n<td>04101\/51 42 98<\/td>\n<\/tr>\n<tr valign=\"top\">\n<td>Telefax:<\/td>\n<td>04101\/869623<\/td>\n<\/tr>\n<tr valign=\"top\">\n<td>E-Mail:<\/td>\n<td>balalaikarus@web.de<\/td>\n<\/tr>\n<tr valign=\"top\">\n<td>Internet:<\/td>\n<td>www.balalaikarus.de<\/td>\n<\/tr>\n<tr valign=\"top\">\n<td><strong>Copyright<\/strong><\/td>\n<td><strong>\u00a9 2016 Alexander Paperny<\/strong><br \/>\nAlle Rechte vorbehalten<br \/>\nDie durch den Seitenbetreiber erstellten Inhalte und Werke auf diesen Seiten unterliegen dem deutschen Urheberrecht. Die Vervielf\u00e4ltigung, Bearbeitung, Verbreitung und jede Art der Verwertung au\u00dferhalb der Grenzen des Urheberrechtes bed\u00fcrfen der schriftlichen Zustimmung des jeweiligen Autors bzw. Erstellers. Downloads und Kopien dieser Seite sind nur f\u00fcr den privaten, nicht kommerziellen Gebrauch gestattet. Soweit die Inhalte auf dieser Seite nicht vom Betreiber erstellt wurden, werden die Urheberrechte Dritter beachtet. Insbesondere werden Inhalte Dritter als solche gekennzeichnet. Sollten Sie trotzdem auf eine Urheberrechtsverletzung aufmerksam werden, bitte ich um einen entsprechenden Hinweis. Bei Bekanntwerden von Rechtsverletzungen werde ich derartige Inhalte umgehend entfernen.<\/td>\n<td><\/td>\n<\/tr>\n<tr valign=\"top\">\n<td><\/td>\n<td><\/td>\n<td><\/td>\n<\/tr>\n<tr valign=\"top\">\n<td><strong>Haftungsausschluss\u00a0\u00a0\u00a0<\/strong><\/td>\n<td>Die Inhalte unserer Seiten wurden mit gr\u00f6\u00dfter Sorgfalt erstellt. F\u00fcr die Richtigkeit, Vollst\u00e4ndigkeit und Aktualit\u00e4t der Inhalte k\u00f6nnen wir jedoch keine Gew\u00e4hr \u00fcbernehmen. Als Diensteanbieter sind wir gem\u00e4\u00df \u00a7 7 Abs.1 TMG f\u00fcr eigene Inhalte auf diesen Seiten nach den allgemeinen Gesetzen verantwortlich. Nach \u00a7\u00a7 8 bis 10 TMG sind wir als Diensteanbieter jedoch nicht verpflichtet, \u00fcbermittelte oder gespeicherte fremde Informationen zu \u00fcberwachen oder nach Umst\u00e4nden zu forschen, die auf eine rechtswidrige T\u00e4tigkeit hinweisen. Verpflichtungen zur Entfernung oder Sperrung der Nutzung von Informationen nach den allgemeinen Gesetzen bleiben hiervon unber\u00fchrt. Eine diesbez\u00fcgliche Haftung ist jedoch erst ab dem Zeitpunkt der Kenntnis einer konkreten Rechtsverletzung m\u00f6glich. Bei Bekanntwerden von entsprechenden Rechtsverletzungen werden wir diese Inhalte umgehend entfernen.<\/td>\n<\/tr>\n<tr valign=\"top\">\n<td><strong>Haftung f\u00fcr Links<\/strong><\/td>\n<td>Unser Angebot enth\u00e4lt Links zu externen Webseiten Dritter, auf deren Inhalte wir keinen Einfluss habe. Deshalb k\u00f6nnen wir f\u00fcr diese fremden Inhalte auch keine Gew\u00e4hr \u00fcbernehmen. F\u00fcr die Inhalte der verlinkten Seiten ist stets der jeweilige Anbieter oder Betreiber der Seiten verantwortlich. Die verlinkten Seiten wurden zum Zeitpunkt der Verlinkung auf m\u00f6gliche Rechtsverst\u00f6\u00dfe \u00fcberpr\u00fcft. Rechtswidrige Inhalte waren zum Zeitpunkt der Verlinkung nicht erkennbar. Eine permanente inhaltliche Kontrolle der verlinkten Seiten ist jedoch ohne konkrete Anhaltspunkte einer Rechtsverletzung nicht zumutbar. Bei Bekanntwerden von Rechtsverletzungen werden wir derartige Links umgehend entfernen.<\/td>\n<\/tr>\n<tr valign=\"top\">\n<td><\/td>\n<td><\/td>\n<\/tr>\n<tr valign=\"top\">\n<td><strong>Design &amp; Realisierung<\/strong><\/td>\n<td>@z-dezign \/\/Eugen Zimmer<\/td>\n<\/tr>\n<\/tbody>\n<\/table>\n<p>Der Nutzung von im Rahmen der Impressumspflicht ver\u00f6ffentlichten Kontaktdaten durch Dritte zur \u00dcbersendung von nicht ausdr\u00fccklich angeforderter Werbung und Informationsmaterialien wird hiermit ausdr\u00fccklich widersprochen. Der Betreiber der Seiten beh\u00e4lt sich ausdr\u00fccklich rechtliche Schritte im Falle der unverlangten Zusendung von Werbeinformationen, etwa durch Spam-Mails, vor.<\/td>\n<\/tr>\n<\/tbody>\n<\/table>\n<p><\/p>","protected":false},"excerpt":{"rendered":"<p>Sorry, this entry is only available in Deutsch. For the sake of viewer convenience, the content is shown below in the alternative language. You may click the link to switch the active language. Herausgeber Alexander<span class=\"more-button\"><a href=\"https:\/\/balalaikarus.de\/en\/%d1%80%d1%83%d1%81%d1%81%d0%ba%d0%b8%d0%b9-impressum\/\" class=\"more-link\">Continue reading<span class=\"screen-reader-text\">Impressum<\/span><i class=\"fa fa-angle-right\" aria-hidden=\"true\"><\/i><\/a><\/span><\/p>\n","protected":false},"author":1,"featured_media":0,"parent":0,"menu_order":10,"comment_status":"closed","ping_status":"closed","template":"","meta":{"footnotes":"","_links_to":"","_links_to_target":""},"class_list":["post-17","page","type-page","status-publish","hentry"],"yoast_head":"<!-- This site is optimized with the Yoast SEO plugin v27.5 - https:\/\/yoast.com\/product\/yoast-seo-wordpress\/ -->\n<title>Impressum - Paperny Alexander<\/title>\n<meta name=\"description\" content=\"Was k\u00f6nnte die geheimnisvolle russische Seele besser ausdr\u00fccken als die Balalaika, deren virtuose Klangm\u00f6glichkeiten Alexander Paperny uns vorf\u00fchrt?\" \/>\n<meta name=\"robots\" content=\"index, follow, max-snippet:-1, max-image-preview:large, max-video-preview:-1\" \/>\n<link rel=\"canonical\" href=\"https:\/\/balalaikarus.de\/\u0440\u0443\u0441\u0441\u043a\u0438\u0439-impressum\/\" \/>\n<meta property=\"og:locale\" content=\"en_US\" \/>\n<meta property=\"og:type\" content=\"article\" \/>\n<meta property=\"og:title\" content=\"Impressum - Paperny Alexander\" \/>\n<meta property=\"og:description\" content=\"Was k\u00f6nnte die geheimnisvolle russische Seele besser ausdr\u00fccken als die Balalaika, deren virtuose Klangm\u00f6glichkeiten Alexander Paperny uns vorf\u00fchrt?\" \/>\n<meta property=\"og:url\" content=\"https:\/\/balalaikarus.de\/\u0440\u0443\u0441\u0441\u043a\u0438\u0439-impressum\/\" \/>\n<meta property=\"og:site_name\" content=\"Paperny Alexander\" \/>\n<meta property=\"article:publisher\" content=\"https:\/\/www.facebook.com\/alexander.paperny\" \/>\n<meta property=\"article:modified_time\" content=\"2021-11-21T02:12:20+00:00\" \/>\n<meta property=\"og:image\" content=\"https:\/\/balalaikarus.de\/wp-content\/uploads\/2016\/02\/paperny.jpg\" \/>\n\t<meta property=\"og:image:width\" content=\"1280\" \/>\n\t<meta property=\"og:image:height\" content=\"993\" \/>\n\t<meta property=\"og:image:type\" content=\"image\/jpeg\" \/>\n<meta name=\"twitter:card\" content=\"summary_large_image\" \/>\n<meta name=\"twitter:label1\" content=\"Est. reading time\" \/>\n\t<meta name=\"twitter:data1\" content=\"2 minutes\" \/>\n<script type=\"application\/ld+json\" class=\"yoast-schema-graph\">{\"@context\":\"https:\\\/\\\/schema.org\",\"@graph\":[{\"@type\":\"WebPage\",\"@id\":\"https:\\\/\\\/balalaikarus.de\\\/%d1%80%d1%83%d1%81%d1%81%d0%ba%d0%b8%d0%b9-impressum\\\/\",\"url\":\"https:\\\/\\\/balalaikarus.de\\\/%d1%80%d1%83%d1%81%d1%81%d0%ba%d0%b8%d0%b9-impressum\\\/\",\"name\":\"Impressum - Paperny Alexander\",\"isPartOf\":{\"@id\":\"https:\\\/\\\/balalaikarus.de\\\/#website\"},\"datePublished\":\"2015-11-17T11:05:04+00:00\",\"dateModified\":\"2021-11-21T02:12:20+00:00\",\"description\":\"Was k\u00f6nnte die geheimnisvolle russische Seele besser ausdr\u00fccken als die Balalaika, deren virtuose Klangm\u00f6glichkeiten Alexander Paperny uns vorf\u00fchrt?\",\"breadcrumb\":{\"@id\":\"https:\\\/\\\/balalaikarus.de\\\/%d1%80%d1%83%d1%81%d1%81%d0%ba%d0%b8%d0%b9-impressum\\\/#breadcrumb\"},\"inLanguage\":\"en-US\",\"potentialAction\":[{\"@type\":\"ReadAction\",\"target\":[\"https:\\\/\\\/balalaikarus.de\\\/%d1%80%d1%83%d1%81%d1%81%d0%ba%d0%b8%d0%b9-impressum\\\/\"]}]},{\"@type\":\"BreadcrumbList\",\"@id\":\"https:\\\/\\\/balalaikarus.de\\\/%d1%80%d1%83%d1%81%d1%81%d0%ba%d0%b8%d0%b9-impressum\\\/#breadcrumb\",\"itemListElement\":[{\"@type\":\"ListItem\",\"position\":1,\"name\":\"Home\",\"item\":\"https:\\\/\\\/balalaikarus.de\\\/\"},{\"@type\":\"ListItem\",\"position\":2,\"name\":\"[:de]Impressum[:]\"}]},{\"@type\":\"WebSite\",\"@id\":\"https:\\\/\\\/balalaikarus.de\\\/#website\",\"url\":\"https:\\\/\\\/balalaikarus.de\\\/\",\"name\":\"Paperny Alexander\",\"description\":\"Fascination of the balalaika\",\"potentialAction\":[{\"@type\":\"SearchAction\",\"target\":{\"@type\":\"EntryPoint\",\"urlTemplate\":\"https:\\\/\\\/balalaikarus.de\\\/?s={search_term_string}\"},\"query-input\":{\"@type\":\"PropertyValueSpecification\",\"valueRequired\":true,\"valueName\":\"search_term_string\"}}],\"inLanguage\":\"en-US\"}]}<\/script>\n<!-- \/ Yoast SEO plugin. -->","yoast_head_json":{"title":"Impressum - Paperny Alexander","description":"Was k\u00f6nnte die geheimnisvolle russische Seele besser ausdr\u00fccken als die Balalaika, deren virtuose Klangm\u00f6glichkeiten Alexander Paperny uns vorf\u00fchrt?","robots":{"index":"index","follow":"follow","max-snippet":"max-snippet:-1","max-image-preview":"max-image-preview:large","max-video-preview":"max-video-preview:-1"},"canonical":"https:\/\/balalaikarus.de\/\u0440\u0443\u0441\u0441\u043a\u0438\u0439-impressum\/","og_locale":"en_US","og_type":"article","og_title":"Impressum - Paperny Alexander","og_description":"Was k\u00f6nnte die geheimnisvolle russische Seele besser ausdr\u00fccken als die Balalaika, deren virtuose Klangm\u00f6glichkeiten Alexander Paperny uns vorf\u00fchrt?","og_url":"https:\/\/balalaikarus.de\/\u0440\u0443\u0441\u0441\u043a\u0438\u0439-impressum\/","og_site_name":"Paperny Alexander","article_publisher":"https:\/\/www.facebook.com\/alexander.paperny","article_modified_time":"2021-11-21T02:12:20+00:00","og_image":[{"width":1280,"height":993,"url":"https:\/\/balalaikarus.de\/wp-content\/uploads\/2016\/02\/paperny.jpg","type":"image\/jpeg"}],"twitter_card":"summary_large_image","twitter_misc":{"Est. reading time":"2 minutes"},"schema":{"@context":"https:\/\/schema.org","@graph":[{"@type":"WebPage","@id":"https:\/\/balalaikarus.de\/%d1%80%d1%83%d1%81%d1%81%d0%ba%d0%b8%d0%b9-impressum\/","url":"https:\/\/balalaikarus.de\/%d1%80%d1%83%d1%81%d1%81%d0%ba%d0%b8%d0%b9-impressum\/","name":"Impressum - Paperny Alexander","isPartOf":{"@id":"https:\/\/balalaikarus.de\/#website"},"datePublished":"2015-11-17T11:05:04+00:00","dateModified":"2021-11-21T02:12:20+00:00","description":"Was k\u00f6nnte die geheimnisvolle russische Seele besser ausdr\u00fccken als die Balalaika, deren virtuose Klangm\u00f6glichkeiten Alexander Paperny uns vorf\u00fchrt?","breadcrumb":{"@id":"https:\/\/balalaikarus.de\/%d1%80%d1%83%d1%81%d1%81%d0%ba%d0%b8%d0%b9-impressum\/#breadcrumb"},"inLanguage":"en-US","potentialAction":[{"@type":"ReadAction","target":["https:\/\/balalaikarus.de\/%d1%80%d1%83%d1%81%d1%81%d0%ba%d0%b8%d0%b9-impressum\/"]}]},{"@type":"BreadcrumbList","@id":"https:\/\/balalaikarus.de\/%d1%80%d1%83%d1%81%d1%81%d0%ba%d0%b8%d0%b9-impressum\/#breadcrumb","itemListElement":[{"@type":"ListItem","position":1,"name":"Home","item":"https:\/\/balalaikarus.de\/"},{"@type":"ListItem","position":2,"name":"[:de]Impressum[:]"}]},{"@type":"WebSite","@id":"https:\/\/balalaikarus.de\/#website","url":"https:\/\/balalaikarus.de\/","name":"Paperny Alexander","description":"Fascination of the balalaika","potentialAction":[{"@type":"SearchAction","target":{"@type":"EntryPoint","urlTemplate":"https:\/\/balalaikarus.de\/?s={search_term_string}"},"query-input":{"@type":"PropertyValueSpecification","valueRequired":true,"valueName":"search_term_string"}}],"inLanguage":"en-US"}]}},"_links":{"self":[{"href":"https:\/\/balalaikarus.de\/en\/wp-json\/wp\/v2\/pages\/17","targetHints":{"allow":["GET"]}}],"collection":[{"href":"https:\/\/balalaikarus.de\/en\/wp-json\/wp\/v2\/pages"}],"about":[{"href":"https:\/\/balalaikarus.de\/en\/wp-json\/wp\/v2\/types\/page"}],"author":[{"embeddable":true,"href":"https:\/\/balalaikarus.de\/en\/wp-json\/wp\/v2\/users\/1"}],"replies":[{"embeddable":true,"href":"https:\/\/balalaikarus.de\/en\/wp-json\/wp\/v2\/comments?post=17"}],"version-history":[{"count":12,"href":"https:\/\/balalaikarus.de\/en\/wp-json\/wp\/v2\/pages\/17\/revisions"}],"predecessor-version":[{"id":469,"href":"https:\/\/balalaikarus.de\/en\/wp-json\/wp\/v2\/pages\/17\/revisions\/469"}],"wp:attachment":[{"href":"https:\/\/balalaikarus.de\/en\/wp-json\/wp\/v2\/media?parent=17"}],"curies":[{"name":"wp","href":"https:\/\/api.w.org\/{rel}","templated":true}]}}