{"id":489,"date":"2016-07-03T17:48:50","date_gmt":"2016-07-03T15:48:50","guid":{"rendered":"http:\/\/www.balalaikarus.de\/?page_id=489"},"modified":"2021-12-04T14:35:54","modified_gmt":"2021-12-04T13:35:54","slug":"unterricht","status":"publish","type":"page","link":"https:\/\/balalaikarus.de\/en\/unterricht\/","title":{"rendered":"Lesson"},"content":{"rendered":"\t\t<div data-elementor-type=\"wp-page\" data-elementor-id=\"489\" class=\"elementor elementor-489\">\n\t\t\t\t\t\t<section class=\"elementor-section elementor-top-section elementor-element elementor-element-284e2077 elementor-section-boxed elementor-section-height-default elementor-section-height-default\" data-id=\"284e2077\" data-element_type=\"section\" data-e-type=\"section\">\n\t\t\t\t\t\t<div class=\"elementor-container elementor-column-gap-default\">\n\t\t\t\t\t<div class=\"elementor-column elementor-col-100 elementor-top-column elementor-element elementor-element-303659c4\" data-id=\"303659c4\" data-element_type=\"column\" data-e-type=\"column\">\n\t\t\t<div class=\"elementor-widget-wrap elementor-element-populated\">\n\t\t\t\t\t\t<div class=\"elementor-element elementor-element-51ad30cd elementor-widget elementor-widget-text-editor\" data-id=\"51ad30cd\" data-element_type=\"widget\" data-e-type=\"widget\" data-widget_type=\"text-editor.default\">\n\t\t\t\t<div class=\"elementor-widget-container\">\n\t\t\t\t\t\t\t\t\tIch unterrichte Musik bereits sehr lange. Um genau zu sein, seit dem ich an der  Gnessin Musikakademie in Moskau 1982 angenommen worden bin. \r\n\r\nGleichzeitig habe ich  Balalaika,  Ensemble und die Methodik in der Musikfachschule in Puschkin n\u00e4he Moskau unterrichtet.\r\nNach dem Umzug nach Deutschland im Jahre 1998 wurde ich bereits ein Jahr sp\u00e4ter Dozent f\u00fcr Tasteninstrumente an der Johannes Brahms Konservatorium in Hamburg.\r\nAb dem Jahre 2009 lehre ich Gitarre und Balalaika in dem Kulturhof Itzehoe und seit 2013 Klavier und Balalaika in der staatlicher Musikschule Pinneberg.\r\n\r\nZu unterschiedlichen Zeiten  bekamen meine Musiksch\u00fcler  verschiedene Preise beim Wettbewerb \u201eJugend musiziert\u201c.\r\nZus\u00e4tzlich gebe ich Unterrichtsstunden online (Skype) &#8211; je nach Interesse.\t\t\t\t\t\t\t\t<\/div>\n\t\t\t\t<\/div>\n\t\t\t\t\t<\/div>\n\t\t<\/div>\n\t\t\t\t\t<\/div>\n\t\t<\/section>\n\t\t\t\t<section class=\"elementor-section elementor-top-section elementor-element elementor-element-0ab21f4 elementor-section-boxed elementor-section-height-default elementor-section-height-default\" data-id=\"0ab21f4\" data-element_type=\"section\" data-e-type=\"section\">\n\t\t\t\t\t\t<div class=\"elementor-container elementor-column-gap-default\">\n\t\t\t\t\t<div class=\"elementor-column elementor-col-100 elementor-top-column elementor-element elementor-element-5b802a4\" data-id=\"5b802a4\" data-element_type=\"column\" data-e-type=\"column\">\n\t\t\t<div class=\"elementor-widget-wrap elementor-element-populated\">\n\t\t\t\t\t\t<div class=\"elementor-element elementor-element-8cdeb6c elementor-widget elementor-widget-image\" data-id=\"8cdeb6c\" data-element_type=\"widget\" data-e-type=\"widget\" data-widget_type=\"image.default\">\n\t\t\t\t<div class=\"elementor-widget-container\">\n\t\t\t\t\t\t\t\t\t\t\t\t\t\t\t<img fetchpriority=\"high\" decoding=\"async\" width=\"666\" height=\"499\" src=\"https:\/\/balalaikarus.de\/wp-content\/uploads\/2021\/12\/Sascha-6-666x499.jpg\" class=\"attachment-chique-featured size-chique-featured wp-image-921\" alt=\"\" \/>\t\t\t\t\t\t\t\t\t\t\t\t\t\t\t<\/div>\n\t\t\t\t<\/div>\n\t\t\t\t<div class=\"elementor-element elementor-element-5f2c781 animated-fast elementor-align-justify elementor-invisible elementor-widget elementor-widget-button\" data-id=\"5f2c781\" data-element_type=\"widget\" data-e-type=\"widget\" data-settings=\"{&quot;_animation&quot;:&quot;pulse&quot;}\" data-widget_type=\"button.default\">\n\t\t\t\t<div class=\"elementor-widget-container\">\n\t\t\t\t\t\t\t\t\t<div class=\"elementor-button-wrapper\">\n\t\t\t\t\t<a class=\"elementor-button elementor-button-link elementor-size-xl\" href=\"https:\/\/balalaikarus.de\/kontakt\/\" target=\"_blank\" rel=\"nofollow\">\n\t\t\t\t\t\t<span class=\"elementor-button-content-wrapper\">\n\t\t\t\t\t\t\t\t\t<span class=\"elementor-button-text\">Jetzt Anfragen<\/span>\n\t\t\t\t\t<\/span>\n\t\t\t\t\t<\/a>\n\t\t\t\t<\/div>\n\t\t\t\t\t\t\t\t<\/div>\n\t\t\t\t<\/div>\n\t\t\t\t\t<\/div>\n\t\t<\/div>\n\t\t\t\t\t<\/div>\n\t\t<\/section>\n\t\t\t\t<\/div>\n\t\t","protected":false},"excerpt":{"rendered":"<p>I have been teaching music since I began my studies in 1982 at Gnessin, the music academy in Moscow. At the same time, I thought the balalaika, ensemble and technique at Pushkin\u2019s musical college near<span class=\"more-button\"><a href=\"https:\/\/balalaikarus.de\/en\/unterricht\/\" class=\"more-link\">Continue reading<span class=\"screen-reader-text\">Lesson<\/span><i class=\"fa fa-angle-right\" aria-hidden=\"true\"><\/i><\/a><\/span><\/p>\n","protected":false},"author":1,"featured_media":0,"parent":0,"menu_order":6,"comment_status":"closed","ping_status":"closed","template":"","meta":{"footnotes":"","_links_to":"","_links_to_target":""},"class_list":["post-489","page","type-page","status-publish","hentry"],"yoast_head":"<!-- This site is optimized with the Yoast SEO plugin v27.5 - https:\/\/yoast.com\/product\/yoast-seo-wordpress\/ -->\n<title>Lesson - Paperny Alexander<\/title>\n<meta name=\"description\" content=\"Was k\u00f6nnte die geheimnisvolle russische Seele besser ausdr\u00fccken als die Balalaika, deren virtuose Klangm\u00f6glichkeiten Alexander Paperny uns vorf\u00fchrt?\" \/>\n<meta name=\"robots\" content=\"index, follow, max-snippet:-1, max-image-preview:large, max-video-preview:-1\" \/>\n<link rel=\"canonical\" href=\"https:\/\/balalaikarus.de\/unterricht\/\" \/>\n<meta property=\"og:locale\" content=\"en_US\" \/>\n<meta property=\"og:type\" content=\"article\" \/>\n<meta property=\"og:title\" content=\"Lesson - Paperny Alexander\" \/>\n<meta property=\"og:description\" content=\"Was k\u00f6nnte die geheimnisvolle russische Seele besser ausdr\u00fccken als die Balalaika, deren virtuose Klangm\u00f6glichkeiten Alexander Paperny uns vorf\u00fchrt?\" \/>\n<meta property=\"og:url\" content=\"https:\/\/balalaikarus.de\/unterricht\/\" \/>\n<meta property=\"og:site_name\" content=\"Paperny Alexander\" \/>\n<meta property=\"article:publisher\" content=\"https:\/\/www.facebook.com\/alexander.paperny\" \/>\n<meta property=\"article:modified_time\" content=\"2021-12-04T13:35:54+00:00\" \/>\n<meta property=\"og:image\" content=\"https:\/\/balalaikarus.de\/wp-content\/uploads\/2021\/12\/Sascha-6-666x499.jpg\" \/>\n<meta name=\"twitter:card\" content=\"summary_large_image\" \/>\n<meta name=\"twitter:label1\" content=\"Est. reading time\" \/>\n\t<meta name=\"twitter:data1\" content=\"2 minutes\" \/>\n<script type=\"application\/ld+json\" class=\"yoast-schema-graph\">{\"@context\":\"https:\\\/\\\/schema.org\",\"@graph\":[{\"@type\":\"WebPage\",\"@id\":\"https:\\\/\\\/balalaikarus.de\\\/unterricht\\\/\",\"url\":\"https:\\\/\\\/balalaikarus.de\\\/unterricht\\\/\",\"name\":\"Lesson - Paperny Alexander\",\"isPartOf\":{\"@id\":\"https:\\\/\\\/balalaikarus.de\\\/#website\"},\"primaryImageOfPage\":{\"@id\":\"https:\\\/\\\/balalaikarus.de\\\/unterricht\\\/#primaryimage\"},\"image\":{\"@id\":\"https:\\\/\\\/balalaikarus.de\\\/unterricht\\\/#primaryimage\"},\"thumbnailUrl\":\"https:\\\/\\\/balalaikarus.de\\\/wp-content\\\/uploads\\\/2021\\\/12\\\/Sascha-6-666x499.jpg\",\"datePublished\":\"2016-07-03T15:48:50+00:00\",\"dateModified\":\"2021-12-04T13:35:54+00:00\",\"description\":\"Was k\u00f6nnte die geheimnisvolle russische Seele besser ausdr\u00fccken als die Balalaika, deren virtuose Klangm\u00f6glichkeiten Alexander Paperny uns vorf\u00fchrt?\",\"breadcrumb\":{\"@id\":\"https:\\\/\\\/balalaikarus.de\\\/unterricht\\\/#breadcrumb\"},\"inLanguage\":\"en-US\",\"potentialAction\":[{\"@type\":\"ReadAction\",\"target\":[\"https:\\\/\\\/balalaikarus.de\\\/unterricht\\\/\"]}]},{\"@type\":\"ImageObject\",\"inLanguage\":\"en-US\",\"@id\":\"https:\\\/\\\/balalaikarus.de\\\/unterricht\\\/#primaryimage\",\"url\":\"https:\\\/\\\/balalaikarus.de\\\/wp-content\\\/uploads\\\/2021\\\/12\\\/Sascha-6-666x499.jpg\",\"contentUrl\":\"https:\\\/\\\/balalaikarus.de\\\/wp-content\\\/uploads\\\/2021\\\/12\\\/Sascha-6-666x499.jpg\"},{\"@type\":\"BreadcrumbList\",\"@id\":\"https:\\\/\\\/balalaikarus.de\\\/unterricht\\\/#breadcrumb\",\"itemListElement\":[{\"@type\":\"ListItem\",\"position\":1,\"name\":\"Home\",\"item\":\"https:\\\/\\\/balalaikarus.de\\\/\"},{\"@type\":\"ListItem\",\"position\":2,\"name\":\"[:de]Unterricht[:en]Lesson[:ru]\u0423\u0440\u043e\u043a\u0438[:]\"}]},{\"@type\":\"WebSite\",\"@id\":\"https:\\\/\\\/balalaikarus.de\\\/#website\",\"url\":\"https:\\\/\\\/balalaikarus.de\\\/\",\"name\":\"Paperny Alexander\",\"description\":\"Fascination of the balalaika\",\"potentialAction\":[{\"@type\":\"SearchAction\",\"target\":{\"@type\":\"EntryPoint\",\"urlTemplate\":\"https:\\\/\\\/balalaikarus.de\\\/?s={search_term_string}\"},\"query-input\":{\"@type\":\"PropertyValueSpecification\",\"valueRequired\":true,\"valueName\":\"search_term_string\"}}],\"inLanguage\":\"en-US\"}]}<\/script>\n<!-- \/ Yoast SEO plugin. -->","yoast_head_json":{"title":"Lesson - Paperny Alexander","description":"Was k\u00f6nnte die geheimnisvolle russische Seele besser ausdr\u00fccken als die Balalaika, deren virtuose Klangm\u00f6glichkeiten Alexander Paperny uns vorf\u00fchrt?","robots":{"index":"index","follow":"follow","max-snippet":"max-snippet:-1","max-image-preview":"max-image-preview:large","max-video-preview":"max-video-preview:-1"},"canonical":"https:\/\/balalaikarus.de\/unterricht\/","og_locale":"en_US","og_type":"article","og_title":"Lesson - Paperny Alexander","og_description":"Was k\u00f6nnte die geheimnisvolle russische Seele besser ausdr\u00fccken als die Balalaika, deren virtuose Klangm\u00f6glichkeiten Alexander Paperny uns vorf\u00fchrt?","og_url":"https:\/\/balalaikarus.de\/unterricht\/","og_site_name":"Paperny Alexander","article_publisher":"https:\/\/www.facebook.com\/alexander.paperny","article_modified_time":"2021-12-04T13:35:54+00:00","og_image":[{"url":"https:\/\/balalaikarus.de\/wp-content\/uploads\/2021\/12\/Sascha-6-666x499.jpg","type":"","width":"","height":""}],"twitter_card":"summary_large_image","twitter_misc":{"Est. reading time":"2 minutes"},"schema":{"@context":"https:\/\/schema.org","@graph":[{"@type":"WebPage","@id":"https:\/\/balalaikarus.de\/unterricht\/","url":"https:\/\/balalaikarus.de\/unterricht\/","name":"Lesson - Paperny Alexander","isPartOf":{"@id":"https:\/\/balalaikarus.de\/#website"},"primaryImageOfPage":{"@id":"https:\/\/balalaikarus.de\/unterricht\/#primaryimage"},"image":{"@id":"https:\/\/balalaikarus.de\/unterricht\/#primaryimage"},"thumbnailUrl":"https:\/\/balalaikarus.de\/wp-content\/uploads\/2021\/12\/Sascha-6-666x499.jpg","datePublished":"2016-07-03T15:48:50+00:00","dateModified":"2021-12-04T13:35:54+00:00","description":"Was k\u00f6nnte die geheimnisvolle russische Seele besser ausdr\u00fccken als die Balalaika, deren virtuose Klangm\u00f6glichkeiten Alexander Paperny uns vorf\u00fchrt?","breadcrumb":{"@id":"https:\/\/balalaikarus.de\/unterricht\/#breadcrumb"},"inLanguage":"en-US","potentialAction":[{"@type":"ReadAction","target":["https:\/\/balalaikarus.de\/unterricht\/"]}]},{"@type":"ImageObject","inLanguage":"en-US","@id":"https:\/\/balalaikarus.de\/unterricht\/#primaryimage","url":"https:\/\/balalaikarus.de\/wp-content\/uploads\/2021\/12\/Sascha-6-666x499.jpg","contentUrl":"https:\/\/balalaikarus.de\/wp-content\/uploads\/2021\/12\/Sascha-6-666x499.jpg"},{"@type":"BreadcrumbList","@id":"https:\/\/balalaikarus.de\/unterricht\/#breadcrumb","itemListElement":[{"@type":"ListItem","position":1,"name":"Home","item":"https:\/\/balalaikarus.de\/"},{"@type":"ListItem","position":2,"name":"[:de]Unterricht[:en]Lesson[:ru]\u0423\u0440\u043e\u043a\u0438[:]"}]},{"@type":"WebSite","@id":"https:\/\/balalaikarus.de\/#website","url":"https:\/\/balalaikarus.de\/","name":"Paperny Alexander","description":"Fascination of the balalaika","potentialAction":[{"@type":"SearchAction","target":{"@type":"EntryPoint","urlTemplate":"https:\/\/balalaikarus.de\/?s={search_term_string}"},"query-input":{"@type":"PropertyValueSpecification","valueRequired":true,"valueName":"search_term_string"}}],"inLanguage":"en-US"}]}},"_links":{"self":[{"href":"https:\/\/balalaikarus.de\/en\/wp-json\/wp\/v2\/pages\/489","targetHints":{"allow":["GET"]}}],"collection":[{"href":"https:\/\/balalaikarus.de\/en\/wp-json\/wp\/v2\/pages"}],"about":[{"href":"https:\/\/balalaikarus.de\/en\/wp-json\/wp\/v2\/types\/page"}],"author":[{"embeddable":true,"href":"https:\/\/balalaikarus.de\/en\/wp-json\/wp\/v2\/users\/1"}],"replies":[{"embeddable":true,"href":"https:\/\/balalaikarus.de\/en\/wp-json\/wp\/v2\/comments?post=489"}],"version-history":[{"count":52,"href":"https:\/\/balalaikarus.de\/en\/wp-json\/wp\/v2\/pages\/489\/revisions"}],"predecessor-version":[{"id":924,"href":"https:\/\/balalaikarus.de\/en\/wp-json\/wp\/v2\/pages\/489\/revisions\/924"}],"wp:attachment":[{"href":"https:\/\/balalaikarus.de\/en\/wp-json\/wp\/v2\/media?parent=489"}],"curies":[{"name":"wp","href":"https:\/\/api.w.org\/{rel}","templated":true}]}}