{"id":59,"date":"2015-11-17T12:49:47","date_gmt":"2015-11-17T11:49:47","guid":{"rendered":"http:\/\/balalaikarus.de\/_\/?page_id=59"},"modified":"2022-02-21T00:47:49","modified_gmt":"2022-02-20T23:47:49","slug":"programme","status":"publish","type":"page","link":"https:\/\/balalaikarus.de\/en\/programme\/","title":{"rendered":"Programs"},"content":{"rendered":"\t\t<div data-elementor-type=\"wp-page\" data-elementor-id=\"59\" class=\"elementor elementor-59\">\n\t\t\t\t\t\t<section class=\"elementor-section elementor-top-section elementor-element elementor-element-d52dbe6 elementor-section-boxed elementor-section-height-default elementor-section-height-default\" data-id=\"d52dbe6\" data-element_type=\"section\" data-e-type=\"section\">\n\t\t\t\t\t\t<div class=\"elementor-container elementor-column-gap-default\">\n\t\t\t\t\t<div class=\"elementor-column elementor-col-100 elementor-top-column elementor-element elementor-element-98ecd3a\" data-id=\"98ecd3a\" data-element_type=\"column\" data-e-type=\"column\">\n\t\t\t<div class=\"elementor-widget-wrap elementor-element-populated\">\n\t\t\t\t\t\t<div class=\"elementor-element elementor-element-84763d9 elementor-position-top elementor-widget elementor-widget-image-box\" data-id=\"84763d9\" data-element_type=\"widget\" data-e-type=\"widget\" data-widget_type=\"image-box.default\">\n\t\t\t\t<div class=\"elementor-widget-container\">\n\t\t\t\t\t<div class=\"elementor-image-box-wrapper\"><figure class=\"elementor-image-box-img\"><img decoding=\"async\" src=\"https:\/\/balalaikarus.de\/wp-content\/uploads\/2016\/02\/CRW_0027-best.jpg\" class=\"attachment-full size-full wp-image-331\" alt=\"\" \/><\/figure><div class=\"elementor-image-box-content\"><h3 class=\"elementor-image-box-title\">Balalaika und Orgel<\/h3><p class=\"elementor-image-box-description\">Was verbindet diese zwei Instrumente? Eigentlich nichts, k\u00f6nnte man denken. Doch die russische Balalaika in den H\u00e4nden von Alexander Paperny \u00fcberwindet jegliche Stereotypen. Das musikalische Programm dieser CD in der ungew\u00f6hnlichen Besetzung Balalaika -Orgel verspricht ein ganz besonderes Klangerlebnis! Sein Partner an der Orgel ist Sergej Tcherepanov. Unter seinen H\u00e4nden und F\u00fc\u00dfen wird, klanglich gut ausbalanciert, das virtuose Balalaika-Spiel aufgenommen und getragen.\n\n<\/p><\/div><\/div>\t\t\t\t<\/div>\n\t\t\t\t<\/div>\n\t\t\t\t<div class=\"elementor-element elementor-element-20c3e8e elementor-position-top elementor-widget elementor-widget-image-box\" data-id=\"20c3e8e\" data-element_type=\"widget\" data-e-type=\"widget\" data-widget_type=\"image-box.default\">\n\t\t\t\t<div class=\"elementor-widget-container\">\n\t\t\t\t\t<div class=\"elementor-image-box-wrapper\"><figure class=\"elementor-image-box-img\"><img decoding=\"async\" width=\"200\" height=\"200\" src=\"https:\/\/balalaikarus.de\/wp-content\/uploads\/2016\/02\/cd-russ-consort.jpg\" class=\"attachment-chique-featured size-chique-featured wp-image-288\" alt=\"\" srcset=\"https:\/\/balalaikarus.de\/wp-content\/uploads\/2016\/02\/cd-russ-consort.jpg 200w, https:\/\/balalaikarus.de\/wp-content\/uploads\/2016\/02\/cd-russ-consort-150x150.jpg 150w, https:\/\/balalaikarus.de\/wp-content\/uploads\/2016\/02\/cd-russ-consort-80x80.jpg 80w\" sizes=\"(max-width: 200px) 100vw, 200px\" \/><\/figure><div class=\"elementor-image-box-content\"><h3 class=\"elementor-image-box-title\">Trio \u201eRussian Consort\u201c<\/h3><p class=\"elementor-image-box-description\">Was diese CD uns bedeutet? Es gibt uns eine Gelegenheit das Ergebnis unserer musikalischen Freundschaft zu erhalten, welche durch die seltenen Treffen ein emotionales Feuerwerk entfaltet und eine Ehre ist sich anzuh\u00f6ren. In dieser Musik ist sehr viel Kraft, jedoch gleicherma\u00dfen gro\u00dfer Respekt vor verschiedenen musikalischen Richtungen enthalten: Baroque, russische Folklore, argentinischer Tango und brasilianisches Choro. Da ist f\u00fcr Jeden was dabei. Genie\u00dft es!<\/p><\/div><\/div>\t\t\t\t<\/div>\n\t\t\t\t<\/div>\n\t\t\t\t<div class=\"elementor-element elementor-element-cdbe26d elementor-position-top elementor-widget elementor-widget-image-box\" data-id=\"cdbe26d\" data-element_type=\"widget\" data-e-type=\"widget\" data-widget_type=\"image-box.default\">\n\t\t\t\t<div class=\"elementor-widget-container\">\n\t\t\t\t\t<div class=\"elementor-image-box-wrapper\"><figure class=\"elementor-image-box-img\"><img fetchpriority=\"high\" decoding=\"async\" width=\"2272\" height=\"1704\" src=\"https:\/\/balalaikarus.de\/wp-content\/uploads\/2015\/12\/From-East-1.jpg\" class=\"attachment-full size-full wp-image-600\" alt=\"\" srcset=\"https:\/\/balalaikarus.de\/wp-content\/uploads\/2015\/12\/From-East-1.jpg 2272w, https:\/\/balalaikarus.de\/wp-content\/uploads\/2015\/12\/From-East-1-300x225.jpg 300w, https:\/\/balalaikarus.de\/wp-content\/uploads\/2015\/12\/From-East-1-1024x768.jpg 1024w, https:\/\/balalaikarus.de\/wp-content\/uploads\/2015\/12\/From-East-1-768x576.jpg 768w, https:\/\/balalaikarus.de\/wp-content\/uploads\/2015\/12\/From-East-1-1536x1152.jpg 1536w, https:\/\/balalaikarus.de\/wp-content\/uploads\/2015\/12\/From-East-1-2048x1536.jpg 2048w, https:\/\/balalaikarus.de\/wp-content\/uploads\/2015\/12\/From-East-1-107x80.jpg 107w\" sizes=\"(max-width: 2272px) 100vw, 2272px\" \/><\/figure><div class=\"elementor-image-box-content\"><h3 class=\"elementor-image-box-title\">The Night is Light<\/h3><\/div><\/div>\t\t\t\t<\/div>\n\t\t\t\t<\/div>\n\t\t\t\t\t<\/div>\n\t\t<\/div>\n\t\t\t\t\t<\/div>\n\t\t<\/section>\n\t\t\t\t<section class=\"elementor-section elementor-top-section elementor-element elementor-element-342b7fd elementor-section-boxed elementor-section-height-default elementor-section-height-default\" data-id=\"342b7fd\" data-element_type=\"section\" data-e-type=\"section\">\n\t\t\t\t\t\t<div class=\"elementor-container elementor-column-gap-default\">\n\t\t\t\t\t<div class=\"elementor-column elementor-col-100 elementor-top-column elementor-element elementor-element-3b1f1eb\" data-id=\"3b1f1eb\" data-element_type=\"column\" data-e-type=\"column\">\n\t\t\t<div class=\"elementor-widget-wrap elementor-element-populated\">\n\t\t\t\t\t\t<div class=\"elementor-element elementor-element-541e00b elementor-position-top elementor-widget elementor-widget-image-box\" data-id=\"541e00b\" data-element_type=\"widget\" data-e-type=\"widget\" data-widget_type=\"image-box.default\">\n\t\t\t\t<div class=\"elementor-widget-container\">\n\t\t\t\t\t<div class=\"elementor-image-box-wrapper\"><figure class=\"elementor-image-box-img\"><img decoding=\"async\" width=\"1280\" height=\"993\" src=\"https:\/\/balalaikarus.de\/wp-content\/uploads\/2016\/02\/paperny.jpg\" class=\"attachment-full size-full wp-image-332\" alt=\"\" srcset=\"https:\/\/balalaikarus.de\/wp-content\/uploads\/2016\/02\/paperny.jpg 1280w, https:\/\/balalaikarus.de\/wp-content\/uploads\/2016\/02\/paperny-300x233.jpg 300w, https:\/\/balalaikarus.de\/wp-content\/uploads\/2016\/02\/paperny-768x596.jpg 768w, https:\/\/balalaikarus.de\/wp-content\/uploads\/2016\/02\/paperny-1024x794.jpg 1024w, https:\/\/balalaikarus.de\/wp-content\/uploads\/2016\/02\/paperny-103x80.jpg 103w\" sizes=\"(max-width: 1280px) 100vw, 1280px\" \/><\/figure><div class=\"elementor-image-box-content\"><h3 class=\"elementor-image-box-title\">Dreams of Balalaika<\/h3><p class=\"elementor-image-box-description\">Liebe Freunde der Balalaika! Da liegt Sie nun vor Ihnen, meine neue CD, aufgenommen \u2013 also durchlebt und durchlitten \u2013 \u00fcber einen gesamten Zeitraum von mehr als zehn Jahren, in verschiedenen Studios in Moskau und Hamburg. Auch wenn meine Partner sehr unterschiedlich sind, sind sie von mir doch gleich hoch gesch\u00e4tzt. Immer waren sie f\u00fcr mich mehr als blo\u00dfe Begleiter: Zwischen den Instrumenten entstand \u2013 weit entfernt von jeder Rangordnung \u2013 im Sinne kammermusikalischer Intimit\u00e4t eine ganz eigene unvergleichliche musikalische Bezeichnung.<\/p><\/div><\/div>\t\t\t\t<\/div>\n\t\t\t\t<\/div>\n\t\t\t\t<div class=\"elementor-element elementor-element-f27c646 elementor-position-top elementor-widget elementor-widget-image-box\" data-id=\"f27c646\" data-element_type=\"widget\" data-e-type=\"widget\" data-widget_type=\"image-box.default\">\n\t\t\t\t<div class=\"elementor-widget-container\">\n\t\t\t\t\t<div class=\"elementor-image-box-wrapper\"><figure class=\"elementor-image-box-img\"><img loading=\"lazy\" decoding=\"async\" width=\"1707\" height=\"2560\" src=\"https:\/\/balalaikarus.de\/wp-content\/uploads\/2022\/02\/52A6894-scaled.jpg\" class=\"attachment-full size-full wp-image-1015\" alt=\"\" srcset=\"https:\/\/balalaikarus.de\/wp-content\/uploads\/2022\/02\/52A6894-scaled.jpg 1707w, https:\/\/balalaikarus.de\/wp-content\/uploads\/2022\/02\/52A6894-200x300.jpg 200w, https:\/\/balalaikarus.de\/wp-content\/uploads\/2022\/02\/52A6894-683x1024.jpg 683w, https:\/\/balalaikarus.de\/wp-content\/uploads\/2022\/02\/52A6894-768x1152.jpg 768w, https:\/\/balalaikarus.de\/wp-content\/uploads\/2022\/02\/52A6894-1024x1536.jpg 1024w, https:\/\/balalaikarus.de\/wp-content\/uploads\/2022\/02\/52A6894-1365x2048.jpg 1365w, https:\/\/balalaikarus.de\/wp-content\/uploads\/2022\/02\/52A6894-666x999.jpg 666w\" sizes=\"(max-width: 1707px) 100vw, 1707px\" \/><\/figure><div class=\"elementor-image-box-content\"><h3 class=\"elementor-image-box-title\">A Piece of Sky<\/h3><p class=\"elementor-image-box-description\">Die Balalaika ist die Seele des russischen Volkes \u2013 sagt Alexander Paperny und entf\u00fchrt uns zusammen mit Waldemar Gudi auf eine musikalische Reise um die halbe Welt. \u201eA Piece of Sky\u201c versucht, ein Lebensgef\u00fchl zu vermitteln: zwei Musiker fordern uns auf, sich mit ihnen von der Erde, dem Alltag zu l\u00f6sen, um ein St\u00fcck weit hineinzuschweben in den Himmel, den Komponisten des Barock, der Romantik und der Gegenwart f\u00fcr uns ausgespannt haben. Die virtuosen Klangm\u00f6glichkeiten und die F\u00fclle zweier Instrumente werden voll ausgesch\u00f6pft, um uns die Bildhaftigkeit eines Couperin oder das Sentiment eines Piazzolla neu und reizvoll h\u00f6ren zu lassen.<\/p><\/div><\/div>\t\t\t\t<\/div>\n\t\t\t\t<\/div>\n\t\t\t\t<div class=\"elementor-element elementor-element-99c7512 elementor-position-top elementor-widget elementor-widget-image-box\" data-id=\"99c7512\" data-element_type=\"widget\" data-e-type=\"widget\" data-widget_type=\"image-box.default\">\n\t\t\t\t<div class=\"elementor-widget-container\">\n\t\t\t\t\t<div class=\"elementor-image-box-wrapper\"><figure class=\"elementor-image-box-img\"><img loading=\"lazy\" decoding=\"async\" width=\"1825\" height=\"2560\" src=\"https:\/\/balalaikarus.de\/wp-content\/uploads\/2021\/12\/Flaer-1a_A4-scaled.jpg\" class=\"attachment-full size-full wp-image-950\" alt=\"\" srcset=\"https:\/\/balalaikarus.de\/wp-content\/uploads\/2021\/12\/Flaer-1a_A4-scaled.jpg 1825w, https:\/\/balalaikarus.de\/wp-content\/uploads\/2021\/12\/Flaer-1a_A4-214x300.jpg 214w, https:\/\/balalaikarus.de\/wp-content\/uploads\/2021\/12\/Flaer-1a_A4-730x1024.jpg 730w, https:\/\/balalaikarus.de\/wp-content\/uploads\/2021\/12\/Flaer-1a_A4-768x1077.jpg 768w, https:\/\/balalaikarus.de\/wp-content\/uploads\/2021\/12\/Flaer-1a_A4-1095x1536.jpg 1095w, https:\/\/balalaikarus.de\/wp-content\/uploads\/2021\/12\/Flaer-1a_A4-1460x2048.jpg 1460w\" sizes=\"(max-width: 1825px) 100vw, 1825px\" \/><\/figure><div class=\"elementor-image-box-content\"><h3 class=\"elementor-image-box-title\">Trio \u201eBalalaika Nueva\u201c<\/h3><p class=\"elementor-image-box-description\">Was lange w\u00e4hrt, wird endlich gut\u2026 Was sehr lange w\u00e4hrt, wird am Ende richtig gut! Jetzt ist sie da, unsere neue CD, an der wir so lange gearbeitet haben. Wer sind wir? Das Trio \u201eBalalaika Nueva\u201c, das unter dem Dach dieser Neuaufnahme viele unterschiedliche Komponisten und Stilrichtungen vereint \u2013 von ABBA bis Zappa!!<\/p><\/div><\/div>\t\t\t\t<\/div>\n\t\t\t\t<\/div>\n\t\t\t\t<div class=\"elementor-element elementor-element-0e8551d elementor-position-top elementor-widget elementor-widget-image-box\" data-id=\"0e8551d\" data-element_type=\"widget\" data-e-type=\"widget\" data-widget_type=\"image-box.default\">\n\t\t\t\t<div class=\"elementor-widget-container\">\n\t\t\t\t\t<div class=\"elementor-image-box-wrapper\"><figure class=\"elementor-image-box-img\"><img loading=\"lazy\" decoding=\"async\" width=\"200\" height=\"211\" src=\"https:\/\/balalaikarus.de\/wp-content\/uploads\/2022\/02\/Jazz-Balalaika.jpg\" class=\"attachment-full size-full wp-image-1020\" alt=\"\" \/><\/figure><div class=\"elementor-image-box-content\"><h3 class=\"elementor-image-box-title\">Jazz-Balalaika<\/h3><p class=\"elementor-image-box-description\">Wie unerwartet frisch klingt die Musik von Astor Piazzolla, dem genialen argentinischen K\u00f6nig des Tango Nuevo, im Spiel der Gruppe \u201eJazz-Balalaika\u201c! Diesen Musikern gelingt es, ihrem Publikum die Liebe zum \u201eNeuen Tango\u201c zu \u00fcbertragen, eine Musik, die jeder professionelle Interpret genie\u00dft, und in der die Gruppe \u201eJazz-Balalaika\u201c tats\u00e4chlich ihr \u201eGoldenes Repertoire\u201c gefunden hat.<\/p><\/div><\/div>\t\t\t\t<\/div>\n\t\t\t\t<\/div>\n\t\t\t\t\t<\/div>\n\t\t<\/div>\n\t\t\t\t\t<\/div>\n\t\t<\/section>\n\t\t\t\t<\/div>\n\t\t","protected":false},"excerpt":{"rendered":"<p>Balalaika und Orgel Was verbindet diese zwei Instrumente? Eigentlich nichts, k\u00f6nnte man denken. Doch die russische Balalaika in den H\u00e4nden von Alexander Paperny \u00fcberwindet jegliche Stereotypen. Das musikalische Programm dieser CD in der ungew\u00f6hnlichen Besetzung<span class=\"more-button\"><a href=\"https:\/\/balalaikarus.de\/en\/programme\/\" class=\"more-link\">Continue reading<span class=\"screen-reader-text\">Programs<\/span><i class=\"fa fa-angle-right\" aria-hidden=\"true\"><\/i><\/a><\/span><\/p>\n","protected":false},"author":2,"featured_media":0,"parent":0,"menu_order":8,"comment_status":"closed","ping_status":"closed","template":"","meta":{"footnotes":"","_links_to":"","_links_to_target":""},"class_list":["post-59","page","type-page","status-publish","hentry"],"yoast_head":"<!-- This site is optimized with the Yoast SEO plugin v27.5 - https:\/\/yoast.com\/product\/yoast-seo-wordpress\/ -->\n<title>Programs - Paperny Alexander<\/title>\n<meta name=\"description\" content=\"Was k\u00f6nnte die geheimnisvolle russische Seele besser ausdr\u00fccken als die Balalaika, deren virtuose Klangm\u00f6glichkeiten Alexander Paperny uns vorf\u00fchrt?\" \/>\n<meta name=\"robots\" content=\"index, follow, max-snippet:-1, max-image-preview:large, max-video-preview:-1\" \/>\n<link rel=\"canonical\" href=\"https:\/\/balalaikarus.de\/programme\/\" \/>\n<meta property=\"og:locale\" content=\"en_US\" \/>\n<meta property=\"og:type\" content=\"article\" \/>\n<meta property=\"og:title\" content=\"Programs - Paperny Alexander\" \/>\n<meta property=\"og:description\" content=\"Was k\u00f6nnte die geheimnisvolle russische Seele besser ausdr\u00fccken als die Balalaika, deren virtuose Klangm\u00f6glichkeiten Alexander Paperny uns vorf\u00fchrt?\" \/>\n<meta property=\"og:url\" content=\"https:\/\/balalaikarus.de\/programme\/\" \/>\n<meta property=\"og:site_name\" content=\"Paperny Alexander\" \/>\n<meta property=\"article:publisher\" content=\"https:\/\/www.facebook.com\/alexander.paperny\" \/>\n<meta property=\"article:modified_time\" content=\"2022-02-20T23:47:49+00:00\" \/>\n<meta property=\"og:image\" content=\"https:\/\/balalaikarus.de\/wp-content\/uploads\/2016\/02\/CRW_0027-best.jpg\" \/>\n<meta name=\"twitter:card\" content=\"summary_large_image\" \/>\n<meta name=\"twitter:label1\" content=\"Est. reading time\" \/>\n\t<meta name=\"twitter:data1\" content=\"4 minutes\" \/>\n<script type=\"application\/ld+json\" class=\"yoast-schema-graph\">{\"@context\":\"https:\\\/\\\/schema.org\",\"@graph\":[{\"@type\":\"WebPage\",\"@id\":\"https:\\\/\\\/balalaikarus.de\\\/programme\\\/\",\"url\":\"https:\\\/\\\/balalaikarus.de\\\/programme\\\/\",\"name\":\"Programs - Paperny Alexander\",\"isPartOf\":{\"@id\":\"https:\\\/\\\/balalaikarus.de\\\/#website\"},\"primaryImageOfPage\":{\"@id\":\"https:\\\/\\\/balalaikarus.de\\\/programme\\\/#primaryimage\"},\"image\":{\"@id\":\"https:\\\/\\\/balalaikarus.de\\\/programme\\\/#primaryimage\"},\"thumbnailUrl\":\"https:\\\/\\\/balalaikarus.de\\\/wp-content\\\/uploads\\\/2016\\\/02\\\/CRW_0027-best.jpg\",\"datePublished\":\"2015-11-17T11:49:47+00:00\",\"dateModified\":\"2022-02-20T23:47:49+00:00\",\"description\":\"Was k\u00f6nnte die geheimnisvolle russische Seele besser ausdr\u00fccken als die Balalaika, deren virtuose Klangm\u00f6glichkeiten Alexander Paperny uns vorf\u00fchrt?\",\"breadcrumb\":{\"@id\":\"https:\\\/\\\/balalaikarus.de\\\/programme\\\/#breadcrumb\"},\"inLanguage\":\"en-US\",\"potentialAction\":[{\"@type\":\"ReadAction\",\"target\":[\"https:\\\/\\\/balalaikarus.de\\\/programme\\\/\"]}]},{\"@type\":\"ImageObject\",\"inLanguage\":\"en-US\",\"@id\":\"https:\\\/\\\/balalaikarus.de\\\/programme\\\/#primaryimage\",\"url\":\"https:\\\/\\\/balalaikarus.de\\\/wp-content\\\/uploads\\\/2016\\\/02\\\/CRW_0027-best.jpg\",\"contentUrl\":\"https:\\\/\\\/balalaikarus.de\\\/wp-content\\\/uploads\\\/2016\\\/02\\\/CRW_0027-best.jpg\"},{\"@type\":\"BreadcrumbList\",\"@id\":\"https:\\\/\\\/balalaikarus.de\\\/programme\\\/#breadcrumb\",\"itemListElement\":[{\"@type\":\"ListItem\",\"position\":1,\"name\":\"Home\",\"item\":\"https:\\\/\\\/balalaikarus.de\\\/\"},{\"@type\":\"ListItem\",\"position\":2,\"name\":\"[:de]Programme[:en]Programs[:ru]\u041f\u0440\u043e\u0433\u0440\u0430\u043c\u043c\u044b[:]\"}]},{\"@type\":\"WebSite\",\"@id\":\"https:\\\/\\\/balalaikarus.de\\\/#website\",\"url\":\"https:\\\/\\\/balalaikarus.de\\\/\",\"name\":\"Paperny Alexander\",\"description\":\"Fascination of the balalaika\",\"potentialAction\":[{\"@type\":\"SearchAction\",\"target\":{\"@type\":\"EntryPoint\",\"urlTemplate\":\"https:\\\/\\\/balalaikarus.de\\\/?s={search_term_string}\"},\"query-input\":{\"@type\":\"PropertyValueSpecification\",\"valueRequired\":true,\"valueName\":\"search_term_string\"}}],\"inLanguage\":\"en-US\"}]}<\/script>\n<!-- \/ Yoast SEO plugin. -->","yoast_head_json":{"title":"Programs - Paperny Alexander","description":"Was k\u00f6nnte die geheimnisvolle russische Seele besser ausdr\u00fccken als die Balalaika, deren virtuose Klangm\u00f6glichkeiten Alexander Paperny uns vorf\u00fchrt?","robots":{"index":"index","follow":"follow","max-snippet":"max-snippet:-1","max-image-preview":"max-image-preview:large","max-video-preview":"max-video-preview:-1"},"canonical":"https:\/\/balalaikarus.de\/programme\/","og_locale":"en_US","og_type":"article","og_title":"Programs - Paperny Alexander","og_description":"Was k\u00f6nnte die geheimnisvolle russische Seele besser ausdr\u00fccken als die Balalaika, deren virtuose Klangm\u00f6glichkeiten Alexander Paperny uns vorf\u00fchrt?","og_url":"https:\/\/balalaikarus.de\/programme\/","og_site_name":"Paperny Alexander","article_publisher":"https:\/\/www.facebook.com\/alexander.paperny","article_modified_time":"2022-02-20T23:47:49+00:00","og_image":[{"url":"https:\/\/balalaikarus.de\/wp-content\/uploads\/2016\/02\/CRW_0027-best.jpg","type":"","width":"","height":""}],"twitter_card":"summary_large_image","twitter_misc":{"Est. reading time":"4 minutes"},"schema":{"@context":"https:\/\/schema.org","@graph":[{"@type":"WebPage","@id":"https:\/\/balalaikarus.de\/programme\/","url":"https:\/\/balalaikarus.de\/programme\/","name":"Programs - Paperny Alexander","isPartOf":{"@id":"https:\/\/balalaikarus.de\/#website"},"primaryImageOfPage":{"@id":"https:\/\/balalaikarus.de\/programme\/#primaryimage"},"image":{"@id":"https:\/\/balalaikarus.de\/programme\/#primaryimage"},"thumbnailUrl":"https:\/\/balalaikarus.de\/wp-content\/uploads\/2016\/02\/CRW_0027-best.jpg","datePublished":"2015-11-17T11:49:47+00:00","dateModified":"2022-02-20T23:47:49+00:00","description":"Was k\u00f6nnte die geheimnisvolle russische Seele besser ausdr\u00fccken als die Balalaika, deren virtuose Klangm\u00f6glichkeiten Alexander Paperny uns vorf\u00fchrt?","breadcrumb":{"@id":"https:\/\/balalaikarus.de\/programme\/#breadcrumb"},"inLanguage":"en-US","potentialAction":[{"@type":"ReadAction","target":["https:\/\/balalaikarus.de\/programme\/"]}]},{"@type":"ImageObject","inLanguage":"en-US","@id":"https:\/\/balalaikarus.de\/programme\/#primaryimage","url":"https:\/\/balalaikarus.de\/wp-content\/uploads\/2016\/02\/CRW_0027-best.jpg","contentUrl":"https:\/\/balalaikarus.de\/wp-content\/uploads\/2016\/02\/CRW_0027-best.jpg"},{"@type":"BreadcrumbList","@id":"https:\/\/balalaikarus.de\/programme\/#breadcrumb","itemListElement":[{"@type":"ListItem","position":1,"name":"Home","item":"https:\/\/balalaikarus.de\/"},{"@type":"ListItem","position":2,"name":"[:de]Programme[:en]Programs[:ru]\u041f\u0440\u043e\u0433\u0440\u0430\u043c\u043c\u044b[:]"}]},{"@type":"WebSite","@id":"https:\/\/balalaikarus.de\/#website","url":"https:\/\/balalaikarus.de\/","name":"Paperny Alexander","description":"Fascination of the balalaika","potentialAction":[{"@type":"SearchAction","target":{"@type":"EntryPoint","urlTemplate":"https:\/\/balalaikarus.de\/?s={search_term_string}"},"query-input":{"@type":"PropertyValueSpecification","valueRequired":true,"valueName":"search_term_string"}}],"inLanguage":"en-US"}]}},"_links":{"self":[{"href":"https:\/\/balalaikarus.de\/en\/wp-json\/wp\/v2\/pages\/59","targetHints":{"allow":["GET"]}}],"collection":[{"href":"https:\/\/balalaikarus.de\/en\/wp-json\/wp\/v2\/pages"}],"about":[{"href":"https:\/\/balalaikarus.de\/en\/wp-json\/wp\/v2\/types\/page"}],"author":[{"embeddable":true,"href":"https:\/\/balalaikarus.de\/en\/wp-json\/wp\/v2\/users\/2"}],"replies":[{"embeddable":true,"href":"https:\/\/balalaikarus.de\/en\/wp-json\/wp\/v2\/comments?post=59"}],"version-history":[{"count":36,"href":"https:\/\/balalaikarus.de\/en\/wp-json\/wp\/v2\/pages\/59\/revisions"}],"predecessor-version":[{"id":1023,"href":"https:\/\/balalaikarus.de\/en\/wp-json\/wp\/v2\/pages\/59\/revisions\/1023"}],"wp:attachment":[{"href":"https:\/\/balalaikarus.de\/en\/wp-json\/wp\/v2\/media?parent=59"}],"curies":[{"name":"wp","href":"https:\/\/api.w.org\/{rel}","templated":true}]}}