{"id":10,"date":"2015-11-17T12:01:33","date_gmt":"2015-11-17T11:01:33","guid":{"rendered":"http:\/\/balalaikarus.de\/_\/?page_id=10"},"modified":"2021-11-21T03:12:20","modified_gmt":"2021-11-21T02:12:20","slug":"geschichte","status":"publish","type":"page","link":"https:\/\/balalaikarus.de\/ru\/geschichte\/","title":{"rendered":"\u0418\u0441\u0442\u043e\u0440\u0438\u044f"},"content":{"rendered":"<p class=\"qtranxs-available-languages-message qtranxs-available-languages-message-ru\">\u0418\u0437\u0432\u0438\u043d\u0438\u0442\u0435, \u044d\u0442\u043e\u0442 \u0442\u0435\u0445\u0442 \u0434\u043e\u0441\u0442\u0443\u043f\u0435\u043d \u0442\u043e\u043b\u044c\u043a\u043e \u0432 &ldquo;<a href=\"https:\/\/balalaikarus.de\/de\/wp-json\/wp\/v2\/pages\/10\" class=\"qtranxs-available-language-link qtranxs-available-language-link-de\" title=\"Deutsch\">Deutsch<\/a>&rdquo; \u0438 &ldquo;<a href=\"https:\/\/balalaikarus.de\/en\/wp-json\/wp\/v2\/pages\/10\" class=\"qtranxs-available-language-link qtranxs-available-language-link-en\" title=\"English\">English<\/a>&rdquo;. For the sake of viewer convenience, the content is shown below in this site default language. You may click one of the links to switch the site language to another available language.<\/p><p><\/p>\n<h2>Die Geschichte der Balalaika beginnt bereits im 17. Jahrhundert.<\/h2>\n<p><img fetchpriority=\"high\" decoding=\"async\" width=\"284\" height=\"300\" class=\"alignleft size-medium wp-image-12\" src=\"http:\/\/balalaikarus.de\/wp-content\/uploads\/2015\/11\/Balalaika_spieler-284x300.jpg\" alt=\"Balalaika_spieler\" srcset=\"https:\/\/balalaikarus.de\/wp-content\/uploads\/2015\/11\/Balalaika_spieler-284x300.jpg 284w, https:\/\/balalaikarus.de\/wp-content\/uploads\/2015\/11\/Balalaika_spieler-76x80.jpg 76w, https:\/\/balalaikarus.de\/wp-content\/uploads\/2015\/11\/Balalaika_spieler.jpg 500w\" sizes=\"(max-width: 284px) 100vw, 284px\" \/>Dieses Instrument ist sehr eigenartig. Obwohl es nur drei Saiten hat, von denen zwei auch noch gleich gestimmt sind ( n\u00e4mlich auf die T\u00f6ne e-e-a), bietet das Instrument eine grosse Auswahl an musikalischen M\u00f6glichkeiten. In alten Zeiten spielten russische Gaukler die Balalaika.<\/p>\n<p>Viele Russen und Deutsche denken bei dem Wort Balalaika zuerst an eine Reihe von sehr bekannten Volksmelodien: &#171;Kalinka&#187;, &#171;Katjuscha&#187; und &#171;Stenka Rasin&#187;. Auf der Balalaika gespielt klingen sie zwar sehr sch\u00f6n, aber das M\u00f6glichkeitsspektrum von diesem musikalischen Instrument ist viel breiter. Der ber\u00fchmte Dichter Graf Lev Tolstoj \u00e4u\u00dferte sich folgendermassen: &#171;Ich habe in der Tat eine z\u00e4rtliche Frauenstimme geh\u00f6rt. Wenn man den Klang der Balalaika aus der Ferne vernimmt, entsteht eine absolute Illusion von Gesang. Saitenschl\u00e4ge in unmittelbarer N\u00e4he lassen den Anschlag den Finger h\u00f6ren, ein Eindruck, der mit wachsender Entfernung schwindet. Aus der Ferne allein werden wir einen klaren und melodischen Klang h\u00f6ren.&#187;<br \/>\nIn den H\u00e4nden eines K\u00fcnstlers wird das &#171;primitive&#187;, auf den ersten Blick antimusikalische Instrument Balalaika zu einem lebendigen Wesen. Es lacht und weint und kann wahrhaftig sprechen.Das Studium der Balalaika in Russland ist weit gespannt, die Studenten werden auf der Basis der europ\u00e4ischen und russischen Klassik ausgebildet.<\/p>\n<p>Deswegen habe ich klassische Musik so gern und spiele sie recht h\u00e4ufig. Ich mag auch lateinamerikanische Musik spielen. Sie fragen mich: Warum? Nun, erstens liebe ich diese Musik sehr, zweitens gibt es unter den lateinamerikanischen Instrumenten solche, die dem Klang einer Balalaika sehr \u00e4hnlich sind: Cavaquinho und Bandalim. Also wird nicht mehr viel Zeit vergehen, bis die Balalaika zu den brasilianischen Volksinstrumenten gez\u00e4hlt wird!<\/p>","protected":false},"excerpt":{"rendered":"<p>\u0418\u0437\u0432\u0438\u043d\u0438\u0442\u0435, \u044d\u0442\u043e\u0442 \u0442\u0435\u0445\u0442 \u0434\u043e\u0441\u0442\u0443\u043f\u0435\u043d \u0442\u043e\u043b\u044c\u043a\u043e \u0432 &ldquo;Deutsch&rdquo; \u0438 &ldquo;English&rdquo;. For the sake of viewer convenience, the content is shown below in this site default language. You may click one of the links to switch the<span class=\"more-button\"><a href=\"https:\/\/balalaikarus.de\/ru\/geschichte\/\" class=\"more-link\">\u041f\u0440\u043e\u0434\u043e\u043b\u0436\u0438\u0442\u044c \u0447\u0442\u0435\u043d\u0438\u0435<span class=\"screen-reader-text\">\u0418\u0441\u0442\u043e\u0440\u0438\u044f<\/span><i class=\"fa fa-angle-right\" aria-hidden=\"true\"><\/i><\/a><\/span><\/p>\n","protected":false},"author":2,"featured_media":121,"parent":0,"menu_order":7,"comment_status":"closed","ping_status":"closed","template":"","meta":{"footnotes":"","_links_to":"","_links_to_target":""},"class_list":["post-10","page","type-page","status-publish","has-post-thumbnail","hentry"],"yoast_head":"<!-- This site is optimized with the Yoast SEO plugin v27.5 - https:\/\/yoast.com\/product\/yoast-seo-wordpress\/ -->\n<title>\u0418\u0441\u0442\u043e\u0440\u0438\u044f - \u0410\u043b\u0435\u043a\u0441\u0430\u043d\u0434\u0440 \u041f\u0430\u043f\u0435\u0440\u043d\u044b\u0439<\/title>\n<meta name=\"description\" content=\"Was k\u00f6nnte die geheimnisvolle russische Seele besser ausdr\u00fccken als die Balalaika, deren virtuose Klangm\u00f6glichkeiten Alexander Paperny uns vorf\u00fchrt?\" \/>\n<meta name=\"robots\" content=\"index, follow, max-snippet:-1, max-image-preview:large, max-video-preview:-1\" \/>\n<link rel=\"canonical\" href=\"https:\/\/balalaikarus.de\/geschichte\/\" \/>\n<meta property=\"og:locale\" content=\"ru_RU\" \/>\n<meta property=\"og:type\" content=\"article\" \/>\n<meta property=\"og:title\" content=\"\u0418\u0441\u0442\u043e\u0440\u0438\u044f - \u0410\u043b\u0435\u043a\u0441\u0430\u043d\u0434\u0440 \u041f\u0430\u043f\u0435\u0440\u043d\u044b\u0439\" \/>\n<meta property=\"og:description\" content=\"Was k\u00f6nnte die geheimnisvolle russische Seele besser ausdr\u00fccken als die Balalaika, deren virtuose Klangm\u00f6glichkeiten Alexander Paperny uns vorf\u00fchrt?\" \/>\n<meta property=\"og:url\" content=\"https:\/\/balalaikarus.de\/geschichte\/\" \/>\n<meta property=\"og:site_name\" content=\"\u0410\u043b\u0435\u043a\u0441\u0430\u043d\u0434\u0440 \u041f\u0430\u043f\u0435\u0440\u043d\u044b\u0439\" \/>\n<meta property=\"article:publisher\" content=\"https:\/\/www.facebook.com\/alexander.paperny\" \/>\n<meta property=\"article:modified_time\" content=\"2021-11-21T02:12:20+00:00\" \/>\n<meta property=\"og:image\" content=\"https:\/\/balalaikarus.de\/wp-content\/uploads\/2015\/11\/history_balalaika.jpg\" \/>\n\t<meta property=\"og:image:width\" content=\"550\" \/>\n\t<meta property=\"og:image:height\" content=\"277\" \/>\n\t<meta property=\"og:image:type\" content=\"image\/jpeg\" \/>\n<meta name=\"twitter:card\" content=\"summary_large_image\" \/>\n<meta name=\"twitter:label1\" content=\"\u041f\u0440\u0438\u043c\u0435\u0440\u043d\u043e\u0435 \u0432\u0440\u0435\u043c\u044f \u0434\u043b\u044f \u0447\u0442\u0435\u043d\u0438\u044f\" \/>\n\t<meta name=\"twitter:data1\" content=\"3 \u043c\u0438\u043d\u0443\u0442\u044b\" \/>\n<script type=\"application\/ld+json\" class=\"yoast-schema-graph\">{\"@context\":\"https:\\\/\\\/schema.org\",\"@graph\":[{\"@type\":\"WebPage\",\"@id\":\"https:\\\/\\\/balalaikarus.de\\\/geschichte\\\/\",\"url\":\"https:\\\/\\\/balalaikarus.de\\\/geschichte\\\/\",\"name\":\"\u0418\u0441\u0442\u043e\u0440\u0438\u044f - \u0410\u043b\u0435\u043a\u0441\u0430\u043d\u0434\u0440 \u041f\u0430\u043f\u0435\u0440\u043d\u044b\u0439\",\"isPartOf\":{\"@id\":\"https:\\\/\\\/balalaikarus.de\\\/#website\"},\"primaryImageOfPage\":{\"@id\":\"https:\\\/\\\/balalaikarus.de\\\/geschichte\\\/#primaryimage\"},\"image\":{\"@id\":\"https:\\\/\\\/balalaikarus.de\\\/geschichte\\\/#primaryimage\"},\"thumbnailUrl\":\"https:\\\/\\\/balalaikarus.de\\\/wp-content\\\/uploads\\\/2015\\\/11\\\/history_balalaika.jpg\",\"datePublished\":\"2015-11-17T11:01:33+00:00\",\"dateModified\":\"2021-11-21T02:12:20+00:00\",\"description\":\"Was k\u00f6nnte die geheimnisvolle russische Seele besser ausdr\u00fccken als die Balalaika, deren virtuose Klangm\u00f6glichkeiten Alexander Paperny uns vorf\u00fchrt?\",\"breadcrumb\":{\"@id\":\"https:\\\/\\\/balalaikarus.de\\\/geschichte\\\/#breadcrumb\"},\"inLanguage\":\"ru-RU\",\"potentialAction\":[{\"@type\":\"ReadAction\",\"target\":[\"https:\\\/\\\/balalaikarus.de\\\/geschichte\\\/\"]}]},{\"@type\":\"ImageObject\",\"inLanguage\":\"ru-RU\",\"@id\":\"https:\\\/\\\/balalaikarus.de\\\/geschichte\\\/#primaryimage\",\"url\":\"https:\\\/\\\/balalaikarus.de\\\/wp-content\\\/uploads\\\/2015\\\/11\\\/history_balalaika.jpg\",\"contentUrl\":\"https:\\\/\\\/balalaikarus.de\\\/wp-content\\\/uploads\\\/2015\\\/11\\\/history_balalaika.jpg\",\"width\":550,\"height\":277},{\"@type\":\"BreadcrumbList\",\"@id\":\"https:\\\/\\\/balalaikarus.de\\\/geschichte\\\/#breadcrumb\",\"itemListElement\":[{\"@type\":\"ListItem\",\"position\":1,\"name\":\"Home\",\"item\":\"https:\\\/\\\/balalaikarus.de\\\/\"},{\"@type\":\"ListItem\",\"position\":2,\"name\":\"[:de]Geschichte[:en]History[:ru]\u0418\u0441\u0442\u043e\u0440\u0438\u044f[:]\"}]},{\"@type\":\"WebSite\",\"@id\":\"https:\\\/\\\/balalaikarus.de\\\/#website\",\"url\":\"https:\\\/\\\/balalaikarus.de\\\/\",\"name\":\"\u0410\u043b\u0435\u043a\u0441\u0430\u043d\u0434\u0440 \u041f\u0430\u043f\u0435\u0440\u043d\u044b\u0439\",\"description\":\"\u0424\u0430\u0441\u0446\u0438\u043d\u0430\u0446\u0438\u044f \u0431\u0430\u043b\u0430\u043b\u0430\u0439\u043a\u0438\",\"potentialAction\":[{\"@type\":\"SearchAction\",\"target\":{\"@type\":\"EntryPoint\",\"urlTemplate\":\"https:\\\/\\\/balalaikarus.de\\\/?s={search_term_string}\"},\"query-input\":{\"@type\":\"PropertyValueSpecification\",\"valueRequired\":true,\"valueName\":\"search_term_string\"}}],\"inLanguage\":\"ru-RU\"}]}<\/script>\n<!-- \/ Yoast SEO plugin. -->","yoast_head_json":{"title":"\u0418\u0441\u0442\u043e\u0440\u0438\u044f - \u0410\u043b\u0435\u043a\u0441\u0430\u043d\u0434\u0440 \u041f\u0430\u043f\u0435\u0440\u043d\u044b\u0439","description":"Was k\u00f6nnte die geheimnisvolle russische Seele besser ausdr\u00fccken als die Balalaika, deren virtuose Klangm\u00f6glichkeiten Alexander Paperny uns vorf\u00fchrt?","robots":{"index":"index","follow":"follow","max-snippet":"max-snippet:-1","max-image-preview":"max-image-preview:large","max-video-preview":"max-video-preview:-1"},"canonical":"https:\/\/balalaikarus.de\/geschichte\/","og_locale":"ru_RU","og_type":"article","og_title":"\u0418\u0441\u0442\u043e\u0440\u0438\u044f - \u0410\u043b\u0435\u043a\u0441\u0430\u043d\u0434\u0440 \u041f\u0430\u043f\u0435\u0440\u043d\u044b\u0439","og_description":"Was k\u00f6nnte die geheimnisvolle russische Seele besser ausdr\u00fccken als die Balalaika, deren virtuose Klangm\u00f6glichkeiten Alexander Paperny uns vorf\u00fchrt?","og_url":"https:\/\/balalaikarus.de\/geschichte\/","og_site_name":"\u0410\u043b\u0435\u043a\u0441\u0430\u043d\u0434\u0440 \u041f\u0430\u043f\u0435\u0440\u043d\u044b\u0439","article_publisher":"https:\/\/www.facebook.com\/alexander.paperny","article_modified_time":"2021-11-21T02:12:20+00:00","og_image":[{"width":550,"height":277,"url":"https:\/\/balalaikarus.de\/wp-content\/uploads\/2015\/11\/history_balalaika.jpg","type":"image\/jpeg"}],"twitter_card":"summary_large_image","twitter_misc":{"\u041f\u0440\u0438\u043c\u0435\u0440\u043d\u043e\u0435 \u0432\u0440\u0435\u043c\u044f \u0434\u043b\u044f \u0447\u0442\u0435\u043d\u0438\u044f":"3 \u043c\u0438\u043d\u0443\u0442\u044b"},"schema":{"@context":"https:\/\/schema.org","@graph":[{"@type":"WebPage","@id":"https:\/\/balalaikarus.de\/geschichte\/","url":"https:\/\/balalaikarus.de\/geschichte\/","name":"\u0418\u0441\u0442\u043e\u0440\u0438\u044f - \u0410\u043b\u0435\u043a\u0441\u0430\u043d\u0434\u0440 \u041f\u0430\u043f\u0435\u0440\u043d\u044b\u0439","isPartOf":{"@id":"https:\/\/balalaikarus.de\/#website"},"primaryImageOfPage":{"@id":"https:\/\/balalaikarus.de\/geschichte\/#primaryimage"},"image":{"@id":"https:\/\/balalaikarus.de\/geschichte\/#primaryimage"},"thumbnailUrl":"https:\/\/balalaikarus.de\/wp-content\/uploads\/2015\/11\/history_balalaika.jpg","datePublished":"2015-11-17T11:01:33+00:00","dateModified":"2021-11-21T02:12:20+00:00","description":"Was k\u00f6nnte die geheimnisvolle russische Seele besser ausdr\u00fccken als die Balalaika, deren virtuose Klangm\u00f6glichkeiten Alexander Paperny uns vorf\u00fchrt?","breadcrumb":{"@id":"https:\/\/balalaikarus.de\/geschichte\/#breadcrumb"},"inLanguage":"ru-RU","potentialAction":[{"@type":"ReadAction","target":["https:\/\/balalaikarus.de\/geschichte\/"]}]},{"@type":"ImageObject","inLanguage":"ru-RU","@id":"https:\/\/balalaikarus.de\/geschichte\/#primaryimage","url":"https:\/\/balalaikarus.de\/wp-content\/uploads\/2015\/11\/history_balalaika.jpg","contentUrl":"https:\/\/balalaikarus.de\/wp-content\/uploads\/2015\/11\/history_balalaika.jpg","width":550,"height":277},{"@type":"BreadcrumbList","@id":"https:\/\/balalaikarus.de\/geschichte\/#breadcrumb","itemListElement":[{"@type":"ListItem","position":1,"name":"Home","item":"https:\/\/balalaikarus.de\/"},{"@type":"ListItem","position":2,"name":"[:de]Geschichte[:en]History[:ru]\u0418\u0441\u0442\u043e\u0440\u0438\u044f[:]"}]},{"@type":"WebSite","@id":"https:\/\/balalaikarus.de\/#website","url":"https:\/\/balalaikarus.de\/","name":"\u0410\u043b\u0435\u043a\u0441\u0430\u043d\u0434\u0440 \u041f\u0430\u043f\u0435\u0440\u043d\u044b\u0439","description":"\u0424\u0430\u0441\u0446\u0438\u043d\u0430\u0446\u0438\u044f \u0431\u0430\u043b\u0430\u043b\u0430\u0439\u043a\u0438","potentialAction":[{"@type":"SearchAction","target":{"@type":"EntryPoint","urlTemplate":"https:\/\/balalaikarus.de\/?s={search_term_string}"},"query-input":{"@type":"PropertyValueSpecification","valueRequired":true,"valueName":"search_term_string"}}],"inLanguage":"ru-RU"}]}},"_links":{"self":[{"href":"https:\/\/balalaikarus.de\/ru\/wp-json\/wp\/v2\/pages\/10","targetHints":{"allow":["GET"]}}],"collection":[{"href":"https:\/\/balalaikarus.de\/ru\/wp-json\/wp\/v2\/pages"}],"about":[{"href":"https:\/\/balalaikarus.de\/ru\/wp-json\/wp\/v2\/types\/page"}],"author":[{"embeddable":true,"href":"https:\/\/balalaikarus.de\/ru\/wp-json\/wp\/v2\/users\/2"}],"replies":[{"embeddable":true,"href":"https:\/\/balalaikarus.de\/ru\/wp-json\/wp\/v2\/comments?post=10"}],"version-history":[{"count":11,"href":"https:\/\/balalaikarus.de\/ru\/wp-json\/wp\/v2\/pages\/10\/revisions"}],"predecessor-version":[{"id":373,"href":"https:\/\/balalaikarus.de\/ru\/wp-json\/wp\/v2\/pages\/10\/revisions\/373"}],"wp:featuredmedia":[{"embeddable":true,"href":"https:\/\/balalaikarus.de\/ru\/wp-json\/wp\/v2\/media\/121"}],"wp:attachment":[{"href":"https:\/\/balalaikarus.de\/ru\/wp-json\/wp\/v2\/media?parent=10"}],"curies":[{"name":"wp","href":"https:\/\/api.w.org\/{rel}","templated":true}]}}