{"id":489,"date":"2016-07-03T17:48:50","date_gmt":"2016-07-03T15:48:50","guid":{"rendered":"http:\/\/www.balalaikarus.de\/?page_id=489"},"modified":"2021-12-04T14:35:54","modified_gmt":"2021-12-04T13:35:54","slug":"unterricht","status":"publish","type":"page","link":"https:\/\/balalaikarus.de\/ru\/unterricht\/","title":{"rendered":"\u0423\u0440\u043e\u043a\u0438"},"content":{"rendered":"\t\t<div data-elementor-type=\"wp-page\" data-elementor-id=\"489\" class=\"elementor elementor-489\">\n\t\t\t\t\t\t<section class=\"elementor-section elementor-top-section elementor-element elementor-element-284e2077 elementor-section-boxed elementor-section-height-default elementor-section-height-default\" data-id=\"284e2077\" data-element_type=\"section\" data-e-type=\"section\">\n\t\t\t\t\t\t<div class=\"elementor-container elementor-column-gap-default\">\n\t\t\t\t\t<div class=\"elementor-column elementor-col-100 elementor-top-column elementor-element elementor-element-303659c4\" data-id=\"303659c4\" data-element_type=\"column\" data-e-type=\"column\">\n\t\t\t<div class=\"elementor-widget-wrap elementor-element-populated\">\n\t\t\t\t\t\t<div class=\"elementor-element elementor-element-51ad30cd elementor-widget elementor-widget-text-editor\" data-id=\"51ad30cd\" data-element_type=\"widget\" data-e-type=\"widget\" data-widget_type=\"text-editor.default\">\n\t\t\t\t<div class=\"elementor-widget-container\">\n\t\t\t\t\t\t\t\t\t\u042f \u0443\u0447\u0443 \u043c\u0443\u0437\u044b\u043a\u0435 \u0434\u0430\u0432\u043d\u043e, \u0441 \u0442\u0435\u0445 \u043f\u043e\u0440, \u043a\u043e\u0433\u0434\u0430 \u0432 1982 \u0433\u043e\u0434\u0443, \u043f\u043e\u0441\u0442\u0443\u043f\u0438\u0432 \u0432 \u043e\u0434\u043d\u043e \u0438\u0437 \u0441\u0430\u043c\u044b\u0445 \u0438\u0437\u0432\u0435\u0441\u0442\u043d\u044b\u0445 \u043c\u0443\u0437\u044b\u043a\u0430\u043b\u044c\u043d\u044b\u0445 \u0437\u0430\u0432\u0435\u0434\u0435\u043d\u0438\u0439 \u0420\u043e\u0441\u0441\u0438\u0438 &#8212; \u0410\u043a\u0430\u0434\u0435\u043c\u0438\u044e \u0438\u043c\u0435\u043d\u0438 \u0413\u043d\u0435\u0441\u0438\u043d\u044b\u0445 (\u0433. \u041c\u043e\u0441\u043a\u0432\u0430), \u043d\u0430\u0447\u0430\u043b \u043e\u0434\u043d\u043e\u0432\u0440\u0435\u043c\u0435\u043d\u043d\u043e \u043f\u0440\u0435\u043f\u043e\u0434\u0430\u0432\u0430\u0442\u044c \u0431\u0430\u043b\u0430\u043b\u0430\u0439\u043a\u0443, \u0430\u043d\u0441\u0430\u043c\u0431\u043b\u044c \u0438 \u043c\u0435\u0442\u043e\u0434\u0438\u043a\u0443 \u0432 \u041f\u0443\u0448\u043a\u0438\u043d\u0441\u043a\u043e\u043c \u043c\u0443\u0437\u044b\u043a\u0430\u043b\u044c\u043d\u043e\u043c \u0443\u0447\u0438\u043b\u0438\u0449\u0435.\r\n\u041f\u043e\u0441\u043b\u0435 \u043f\u0440\u0438\u0435\u0437\u0434\u0430 \u0432 \u0413\u0435\u0440\u043c\u0430\u043d\u0438\u044e \u0432 1998 \u0433\u043e\u0434\u0443, \u0443\u0436\u0435 \u0432 \u0441\u043b\u0435\u0434\u0443\u044e\u0449\u0435\u043c \u0433\u043e\u0434\u0443 \u0441\u0442\u0430\u043b \u0434\u043e\u0446\u0435\u043d\u0442\u043e\u043c \u041a\u043e\u043d\u0441\u0435\u0440\u0432\u0430\u0442\u043e\u0440\u0438\u0438 \u0438\u043c\u0435\u043d\u0438 \u0418\u043e\u0445\u0430\u043d\u043d\u0435\u0441\u0430 \u0411\u0440\u0430\u043c\u0441\u0430 \u0432 \u0413\u0430\u043c\u0431\u0443\u0440\u0433\u0435 (\u043a\u043b\u0430\u0432\u0438\u0448\u043d\u044b\u0435 \u0438\u043d\u0441\u0442\u0440\u0443\u043c\u0435\u043d\u0442\u044b).\r\n\r\n\u0421 2009 \u0433\u043e\u0434\u0430 \u043f\u0440\u0435\u043f\u043e\u0434\u0430\u044e \u0433\u0438\u0442\u0430\u0440\u0443 \u0438 \u0431\u0430\u043b\u0430\u043b\u0430\u0439\u043a\u0443 \u0432 \u043c\u0443\u0437\u044b\u043a\u0430\u043b\u044c\u043d\u043e\u0439 \u0448\u043a\u043e\u043b\u0435 \u0433. \u0418\u0442\u0446\u0435\u0445\u043e\u0435, \u0430 \u0441 2013 \u0444\u043e\u0440\u0442\u0435\u043f\u0438\u0430\u043d\u043e \u0438 \u0431\u0430\u043b\u0430\u043b\u0430\u0439\u043a\u0443 \u0432 \u041f\u0438\u043d\u043d\u0435\u0431\u0435\u0440\u0433\u0441\u043a\u043e\u0439 \u0433\u043e\u0441\u0443\u0434\u0430\u0440\u0441\u0442\u0432\u0435\u043d\u043d\u043e\u0439 \u043c\u0443\u0437\u044b\u043a\u0430\u043b\u044c\u043d\u043e\u0439 \u0448\u043a\u043e\u043b\u0435.\r\n\u0412 \u0440\u0430\u0437\u043d\u043e\u0435 \u0432\u0440\u0435\u043c\u044f \u043c\u043e\u0438 \u0443\u0447\u0435\u043d\u0438\u043a\u0438 \u043f\u043e\u043b\u0443\u0447\u0430\u043b\u0438 \u0437\u0432\u0430\u043d\u0438\u044f \u043b\u0430\u0443\u0440\u0435\u0430\u0442\u043e\u0432 \u043d\u0430 \u043a\u043e\u043d\u043a\u0443\u0440\u0441\u0430\u0445 \u201eJugend musiziert\u201c.\r\n\u0412 \u0447\u0438\u0441\u043b\u0435 \u043c\u043e\u0438\u0445 \u043f\u0440\u0435\u0434\u043b\u043e\u0436\u0435\u043d\u0438\u0439 &#8212; \u043f\u0440\u0435\u043f\u043e\u0434\u0430\u0432\u0430\u043d\u0438\u0435 \u043f\u043e-\u0438\u043d\u0442\u0435\u0440\u043d\u0435\u0442\u0443 (\u0421\u043a\u0430\u0439\u043f).\t\t\t\t\t\t\t\t<\/div>\n\t\t\t\t<\/div>\n\t\t\t\t\t<\/div>\n\t\t<\/div>\n\t\t\t\t\t<\/div>\n\t\t<\/section>\n\t\t\t\t<section class=\"elementor-section elementor-top-section elementor-element elementor-element-0ab21f4 elementor-section-boxed elementor-section-height-default elementor-section-height-default\" data-id=\"0ab21f4\" data-element_type=\"section\" data-e-type=\"section\">\n\t\t\t\t\t\t<div class=\"elementor-container elementor-column-gap-default\">\n\t\t\t\t\t<div class=\"elementor-column elementor-col-100 elementor-top-column elementor-element elementor-element-5b802a4\" data-id=\"5b802a4\" data-element_type=\"column\" data-e-type=\"column\">\n\t\t\t<div class=\"elementor-widget-wrap elementor-element-populated\">\n\t\t\t\t\t\t<div class=\"elementor-element elementor-element-8cdeb6c elementor-widget elementor-widget-image\" data-id=\"8cdeb6c\" data-element_type=\"widget\" data-e-type=\"widget\" data-widget_type=\"image.default\">\n\t\t\t\t<div class=\"elementor-widget-container\">\n\t\t\t\t\t\t\t\t\t\t\t\t\t\t\t<img fetchpriority=\"high\" decoding=\"async\" width=\"666\" height=\"499\" src=\"https:\/\/balalaikarus.de\/wp-content\/uploads\/2021\/12\/Sascha-6-666x499.jpg\" class=\"attachment-chique-featured size-chique-featured wp-image-921\" alt=\"\" \/>\t\t\t\t\t\t\t\t\t\t\t\t\t\t\t<\/div>\n\t\t\t\t<\/div>\n\t\t\t\t<div class=\"elementor-element elementor-element-5f2c781 animated-fast elementor-align-justify elementor-invisible elementor-widget elementor-widget-button\" data-id=\"5f2c781\" data-element_type=\"widget\" data-e-type=\"widget\" data-settings=\"{&quot;_animation&quot;:&quot;pulse&quot;}\" data-widget_type=\"button.default\">\n\t\t\t\t<div class=\"elementor-widget-container\">\n\t\t\t\t\t\t\t\t\t<div class=\"elementor-button-wrapper\">\n\t\t\t\t\t<a class=\"elementor-button elementor-button-link elementor-size-xl\" href=\"https:\/\/balalaikarus.de\/kontakt\/\" target=\"_blank\" rel=\"nofollow\">\n\t\t\t\t\t\t<span class=\"elementor-button-content-wrapper\">\n\t\t\t\t\t\t\t\t\t<span class=\"elementor-button-text\">Jetzt Anfragen<\/span>\n\t\t\t\t\t<\/span>\n\t\t\t\t\t<\/a>\n\t\t\t\t<\/div>\n\t\t\t\t\t\t\t\t<\/div>\n\t\t\t\t<\/div>\n\t\t\t\t\t<\/div>\n\t\t<\/div>\n\t\t\t\t\t<\/div>\n\t\t<\/section>\n\t\t\t\t<\/div>\n\t\t","protected":false},"excerpt":{"rendered":"<p>\u042f \u0443\u0447\u0443 \u043c\u0443\u0437\u044b\u043a\u0435 \u0434\u0430\u0432\u043d\u043e, \u0441 \u0442\u0435\u0445 \u043f\u043e\u0440, \u043a\u043e\u0433\u0434\u0430 \u0432 1982 \u0433\u043e\u0434\u0443, \u043f\u043e\u0441\u0442\u0443\u043f\u0438\u0432 \u0432 \u043e\u0434\u043d\u043e \u0438\u0437 \u0441\u0430\u043c\u044b\u0445 \u0438\u0437\u0432\u0435\u0441\u0442\u043d\u044b\u0445 \u043c\u0443\u0437\u044b\u043a\u0430\u043b\u044c\u043d\u044b\u0445 \u0437\u0430\u0432\u0435\u0434\u0435\u043d\u0438\u0439 \u0420\u043e\u0441\u0441\u0438\u0438 &#8212; \u0410\u043a\u0430\u0434\u0435\u043c\u0438\u044e \u0438\u043c\u0435\u043d\u0438 \u0413\u043d\u0435\u0441\u0438\u043d\u044b\u0445 (\u0433. \u041c\u043e\u0441\u043a\u0432\u0430), \u043d\u0430\u0447\u0430\u043b \u043e\u0434\u043d\u043e\u0432\u0440\u0435\u043c\u0435\u043d\u043d\u043e \u043f\u0440\u0435\u043f\u043e\u0434\u0430\u0432\u0430\u0442\u044c \u0431\u0430\u043b\u0430\u043b\u0430\u0439\u043a\u0443, \u0430\u043d\u0441\u0430\u043c\u0431\u043b\u044c \u0438 \u043c\u0435\u0442\u043e\u0434\u0438\u043a\u0443 \u0432 \u041f\u0443\u0448\u043a\u0438\u043d\u0441\u043a\u043e\u043c<span class=\"more-button\"><a href=\"https:\/\/balalaikarus.de\/ru\/unterricht\/\" class=\"more-link\">\u041f\u0440\u043e\u0434\u043e\u043b\u0436\u0438\u0442\u044c \u0447\u0442\u0435\u043d\u0438\u0435<span class=\"screen-reader-text\">\u0423\u0440\u043e\u043a\u0438<\/span><i class=\"fa fa-angle-right\" aria-hidden=\"true\"><\/i><\/a><\/span><\/p>\n","protected":false},"author":1,"featured_media":0,"parent":0,"menu_order":6,"comment_status":"closed","ping_status":"closed","template":"","meta":{"footnotes":"","_links_to":"","_links_to_target":""},"class_list":["post-489","page","type-page","status-publish","hentry"],"yoast_head":"<!-- This site is optimized with the Yoast SEO plugin v27.4 - https:\/\/yoast.com\/product\/yoast-seo-wordpress\/ -->\n<title>\u0423\u0440\u043e\u043a\u0438 - \u0410\u043b\u0435\u043a\u0441\u0430\u043d\u0434\u0440 \u041f\u0430\u043f\u0435\u0440\u043d\u044b\u0439<\/title>\n<meta name=\"description\" content=\"Was k\u00f6nnte die geheimnisvolle russische Seele besser ausdr\u00fccken als die Balalaika, deren virtuose Klangm\u00f6glichkeiten Alexander Paperny uns vorf\u00fchrt?\" \/>\n<meta name=\"robots\" content=\"index, follow, max-snippet:-1, max-image-preview:large, max-video-preview:-1\" \/>\n<link rel=\"canonical\" href=\"https:\/\/balalaikarus.de\/unterricht\/\" \/>\n<meta property=\"og:locale\" content=\"ru_RU\" \/>\n<meta property=\"og:type\" content=\"article\" \/>\n<meta property=\"og:title\" content=\"\u0423\u0440\u043e\u043a\u0438 - \u0410\u043b\u0435\u043a\u0441\u0430\u043d\u0434\u0440 \u041f\u0430\u043f\u0435\u0440\u043d\u044b\u0439\" \/>\n<meta property=\"og:description\" content=\"Was k\u00f6nnte die geheimnisvolle russische Seele besser ausdr\u00fccken als die Balalaika, deren virtuose Klangm\u00f6glichkeiten Alexander Paperny uns vorf\u00fchrt?\" \/>\n<meta property=\"og:url\" content=\"https:\/\/balalaikarus.de\/unterricht\/\" \/>\n<meta property=\"og:site_name\" content=\"\u0410\u043b\u0435\u043a\u0441\u0430\u043d\u0434\u0440 \u041f\u0430\u043f\u0435\u0440\u043d\u044b\u0439\" \/>\n<meta property=\"article:publisher\" content=\"https:\/\/www.facebook.com\/alexander.paperny\" \/>\n<meta property=\"article:modified_time\" content=\"2021-12-04T13:35:54+00:00\" \/>\n<meta property=\"og:image\" content=\"https:\/\/balalaikarus.de\/wp-content\/uploads\/2021\/12\/Sascha-6-666x499.jpg\" \/>\n<meta name=\"twitter:card\" content=\"summary_large_image\" \/>\n<meta name=\"twitter:label1\" content=\"\u041f\u0440\u0438\u043c\u0435\u0440\u043d\u043e\u0435 \u0432\u0440\u0435\u043c\u044f \u0434\u043b\u044f \u0447\u0442\u0435\u043d\u0438\u044f\" \/>\n\t<meta name=\"twitter:data1\" content=\"2 \u043c\u0438\u043d\u0443\u0442\u044b\" \/>\n<script type=\"application\/ld+json\" class=\"yoast-schema-graph\">{\"@context\":\"https:\\\/\\\/schema.org\",\"@graph\":[{\"@type\":\"WebPage\",\"@id\":\"https:\\\/\\\/balalaikarus.de\\\/unterricht\\\/\",\"url\":\"https:\\\/\\\/balalaikarus.de\\\/unterricht\\\/\",\"name\":\"\u0423\u0440\u043e\u043a\u0438 - \u0410\u043b\u0435\u043a\u0441\u0430\u043d\u0434\u0440 \u041f\u0430\u043f\u0435\u0440\u043d\u044b\u0439\",\"isPartOf\":{\"@id\":\"https:\\\/\\\/balalaikarus.de\\\/#website\"},\"primaryImageOfPage\":{\"@id\":\"https:\\\/\\\/balalaikarus.de\\\/unterricht\\\/#primaryimage\"},\"image\":{\"@id\":\"https:\\\/\\\/balalaikarus.de\\\/unterricht\\\/#primaryimage\"},\"thumbnailUrl\":\"https:\\\/\\\/balalaikarus.de\\\/wp-content\\\/uploads\\\/2021\\\/12\\\/Sascha-6-666x499.jpg\",\"datePublished\":\"2016-07-03T15:48:50+00:00\",\"dateModified\":\"2021-12-04T13:35:54+00:00\",\"description\":\"Was k\u00f6nnte die geheimnisvolle russische Seele besser ausdr\u00fccken als die Balalaika, deren virtuose Klangm\u00f6glichkeiten Alexander Paperny uns vorf\u00fchrt?\",\"breadcrumb\":{\"@id\":\"https:\\\/\\\/balalaikarus.de\\\/unterricht\\\/#breadcrumb\"},\"inLanguage\":\"ru-RU\",\"potentialAction\":[{\"@type\":\"ReadAction\",\"target\":[\"https:\\\/\\\/balalaikarus.de\\\/unterricht\\\/\"]}]},{\"@type\":\"ImageObject\",\"inLanguage\":\"ru-RU\",\"@id\":\"https:\\\/\\\/balalaikarus.de\\\/unterricht\\\/#primaryimage\",\"url\":\"https:\\\/\\\/balalaikarus.de\\\/wp-content\\\/uploads\\\/2021\\\/12\\\/Sascha-6-666x499.jpg\",\"contentUrl\":\"https:\\\/\\\/balalaikarus.de\\\/wp-content\\\/uploads\\\/2021\\\/12\\\/Sascha-6-666x499.jpg\"},{\"@type\":\"BreadcrumbList\",\"@id\":\"https:\\\/\\\/balalaikarus.de\\\/unterricht\\\/#breadcrumb\",\"itemListElement\":[{\"@type\":\"ListItem\",\"position\":1,\"name\":\"Home\",\"item\":\"https:\\\/\\\/balalaikarus.de\\\/\"},{\"@type\":\"ListItem\",\"position\":2,\"name\":\"[:de]Unterricht[:en]Lesson[:ru]\u0423\u0440\u043e\u043a\u0438[:]\"}]},{\"@type\":\"WebSite\",\"@id\":\"https:\\\/\\\/balalaikarus.de\\\/#website\",\"url\":\"https:\\\/\\\/balalaikarus.de\\\/\",\"name\":\"\u0410\u043b\u0435\u043a\u0441\u0430\u043d\u0434\u0440 \u041f\u0430\u043f\u0435\u0440\u043d\u044b\u0439\",\"description\":\"\u0424\u0430\u0441\u0446\u0438\u043d\u0430\u0446\u0438\u044f \u0431\u0430\u043b\u0430\u043b\u0430\u0439\u043a\u0438\",\"potentialAction\":[{\"@type\":\"SearchAction\",\"target\":{\"@type\":\"EntryPoint\",\"urlTemplate\":\"https:\\\/\\\/balalaikarus.de\\\/?s={search_term_string}\"},\"query-input\":{\"@type\":\"PropertyValueSpecification\",\"valueRequired\":true,\"valueName\":\"search_term_string\"}}],\"inLanguage\":\"ru-RU\"}]}<\/script>\n<!-- \/ Yoast SEO plugin. -->","yoast_head_json":{"title":"\u0423\u0440\u043e\u043a\u0438 - \u0410\u043b\u0435\u043a\u0441\u0430\u043d\u0434\u0440 \u041f\u0430\u043f\u0435\u0440\u043d\u044b\u0439","description":"Was k\u00f6nnte die geheimnisvolle russische Seele besser ausdr\u00fccken als die Balalaika, deren virtuose Klangm\u00f6glichkeiten Alexander Paperny uns vorf\u00fchrt?","robots":{"index":"index","follow":"follow","max-snippet":"max-snippet:-1","max-image-preview":"max-image-preview:large","max-video-preview":"max-video-preview:-1"},"canonical":"https:\/\/balalaikarus.de\/unterricht\/","og_locale":"ru_RU","og_type":"article","og_title":"\u0423\u0440\u043e\u043a\u0438 - \u0410\u043b\u0435\u043a\u0441\u0430\u043d\u0434\u0440 \u041f\u0430\u043f\u0435\u0440\u043d\u044b\u0439","og_description":"Was k\u00f6nnte die geheimnisvolle russische Seele besser ausdr\u00fccken als die Balalaika, deren virtuose Klangm\u00f6glichkeiten Alexander Paperny uns vorf\u00fchrt?","og_url":"https:\/\/balalaikarus.de\/unterricht\/","og_site_name":"\u0410\u043b\u0435\u043a\u0441\u0430\u043d\u0434\u0440 \u041f\u0430\u043f\u0435\u0440\u043d\u044b\u0439","article_publisher":"https:\/\/www.facebook.com\/alexander.paperny","article_modified_time":"2021-12-04T13:35:54+00:00","og_image":[{"url":"https:\/\/balalaikarus.de\/wp-content\/uploads\/2021\/12\/Sascha-6-666x499.jpg","type":"","width":"","height":""}],"twitter_card":"summary_large_image","twitter_misc":{"\u041f\u0440\u0438\u043c\u0435\u0440\u043d\u043e\u0435 \u0432\u0440\u0435\u043c\u044f \u0434\u043b\u044f \u0447\u0442\u0435\u043d\u0438\u044f":"2 \u043c\u0438\u043d\u0443\u0442\u044b"},"schema":{"@context":"https:\/\/schema.org","@graph":[{"@type":"WebPage","@id":"https:\/\/balalaikarus.de\/unterricht\/","url":"https:\/\/balalaikarus.de\/unterricht\/","name":"\u0423\u0440\u043e\u043a\u0438 - \u0410\u043b\u0435\u043a\u0441\u0430\u043d\u0434\u0440 \u041f\u0430\u043f\u0435\u0440\u043d\u044b\u0439","isPartOf":{"@id":"https:\/\/balalaikarus.de\/#website"},"primaryImageOfPage":{"@id":"https:\/\/balalaikarus.de\/unterricht\/#primaryimage"},"image":{"@id":"https:\/\/balalaikarus.de\/unterricht\/#primaryimage"},"thumbnailUrl":"https:\/\/balalaikarus.de\/wp-content\/uploads\/2021\/12\/Sascha-6-666x499.jpg","datePublished":"2016-07-03T15:48:50+00:00","dateModified":"2021-12-04T13:35:54+00:00","description":"Was k\u00f6nnte die geheimnisvolle russische Seele besser ausdr\u00fccken als die Balalaika, deren virtuose Klangm\u00f6glichkeiten Alexander Paperny uns vorf\u00fchrt?","breadcrumb":{"@id":"https:\/\/balalaikarus.de\/unterricht\/#breadcrumb"},"inLanguage":"ru-RU","potentialAction":[{"@type":"ReadAction","target":["https:\/\/balalaikarus.de\/unterricht\/"]}]},{"@type":"ImageObject","inLanguage":"ru-RU","@id":"https:\/\/balalaikarus.de\/unterricht\/#primaryimage","url":"https:\/\/balalaikarus.de\/wp-content\/uploads\/2021\/12\/Sascha-6-666x499.jpg","contentUrl":"https:\/\/balalaikarus.de\/wp-content\/uploads\/2021\/12\/Sascha-6-666x499.jpg"},{"@type":"BreadcrumbList","@id":"https:\/\/balalaikarus.de\/unterricht\/#breadcrumb","itemListElement":[{"@type":"ListItem","position":1,"name":"Home","item":"https:\/\/balalaikarus.de\/"},{"@type":"ListItem","position":2,"name":"[:de]Unterricht[:en]Lesson[:ru]\u0423\u0440\u043e\u043a\u0438[:]"}]},{"@type":"WebSite","@id":"https:\/\/balalaikarus.de\/#website","url":"https:\/\/balalaikarus.de\/","name":"\u0410\u043b\u0435\u043a\u0441\u0430\u043d\u0434\u0440 \u041f\u0430\u043f\u0435\u0440\u043d\u044b\u0439","description":"\u0424\u0430\u0441\u0446\u0438\u043d\u0430\u0446\u0438\u044f \u0431\u0430\u043b\u0430\u043b\u0430\u0439\u043a\u0438","potentialAction":[{"@type":"SearchAction","target":{"@type":"EntryPoint","urlTemplate":"https:\/\/balalaikarus.de\/?s={search_term_string}"},"query-input":{"@type":"PropertyValueSpecification","valueRequired":true,"valueName":"search_term_string"}}],"inLanguage":"ru-RU"}]}},"_links":{"self":[{"href":"https:\/\/balalaikarus.de\/ru\/wp-json\/wp\/v2\/pages\/489","targetHints":{"allow":["GET"]}}],"collection":[{"href":"https:\/\/balalaikarus.de\/ru\/wp-json\/wp\/v2\/pages"}],"about":[{"href":"https:\/\/balalaikarus.de\/ru\/wp-json\/wp\/v2\/types\/page"}],"author":[{"embeddable":true,"href":"https:\/\/balalaikarus.de\/ru\/wp-json\/wp\/v2\/users\/1"}],"replies":[{"embeddable":true,"href":"https:\/\/balalaikarus.de\/ru\/wp-json\/wp\/v2\/comments?post=489"}],"version-history":[{"count":52,"href":"https:\/\/balalaikarus.de\/ru\/wp-json\/wp\/v2\/pages\/489\/revisions"}],"predecessor-version":[{"id":924,"href":"https:\/\/balalaikarus.de\/ru\/wp-json\/wp\/v2\/pages\/489\/revisions\/924"}],"wp:attachment":[{"href":"https:\/\/balalaikarus.de\/ru\/wp-json\/wp\/v2\/media?parent=489"}],"curies":[{"name":"wp","href":"https:\/\/api.w.org\/{rel}","templated":true}]}}