{"id":7,"date":"2015-11-17T12:01:06","date_gmt":"2015-11-17T11:01:06","guid":{"rendered":"http:\/\/balalaikarus.de\/_\/?page_id=7"},"modified":"2021-11-21T03:12:20","modified_gmt":"2021-11-21T02:12:20","slug":"musik","status":"publish","type":"page","link":"https:\/\/balalaikarus.de\/ru\/musik\/","title":{"rendered":"CDs"},"content":{"rendered":"","protected":false},"excerpt":{"rendered":"","protected":false},"author":2,"featured_media":0,"parent":0,"menu_order":12,"comment_status":"closed","ping_status":"closed","template":"","meta":{"footnotes":"","_links_to":"","_links_to_target":""},"class_list":["post-7","page","type-page","status-publish","hentry"],"yoast_head":"<!-- This site is optimized with the Yoast SEO plugin v27.5 - https:\/\/yoast.com\/product\/yoast-seo-wordpress\/ -->\n<title>CDs - \u0410\u043b\u0435\u043a\u0441\u0430\u043d\u0434\u0440 \u041f\u0430\u043f\u0435\u0440\u043d\u044b\u0439<\/title>\n<meta name=\"description\" content=\"Was k\u00f6nnte die geheimnisvolle russische Seele besser ausdr\u00fccken als die Balalaika, deren virtuose Klangm\u00f6glichkeiten Alexander Paperny uns vorf\u00fchrt?\" \/>\n<meta name=\"robots\" content=\"index, follow, max-snippet:-1, max-image-preview:large, max-video-preview:-1\" \/>\n<link rel=\"canonical\" href=\"https:\/\/balalaikarus.de\/musik\/\" \/>\n<meta property=\"og:locale\" content=\"ru_RU\" \/>\n<meta property=\"og:type\" content=\"article\" \/>\n<meta property=\"og:title\" content=\"CDs - \u0410\u043b\u0435\u043a\u0441\u0430\u043d\u0434\u0440 \u041f\u0430\u043f\u0435\u0440\u043d\u044b\u0439\" \/>\n<meta property=\"og:description\" content=\"Was k\u00f6nnte die geheimnisvolle russische Seele besser ausdr\u00fccken als die Balalaika, deren virtuose Klangm\u00f6glichkeiten Alexander Paperny uns vorf\u00fchrt?\" \/>\n<meta property=\"og:url\" content=\"https:\/\/balalaikarus.de\/musik\/\" \/>\n<meta property=\"og:site_name\" content=\"\u0410\u043b\u0435\u043a\u0441\u0430\u043d\u0434\u0440 \u041f\u0430\u043f\u0435\u0440\u043d\u044b\u0439\" \/>\n<meta property=\"article:publisher\" content=\"https:\/\/www.facebook.com\/alexander.paperny\" \/>\n<meta property=\"article:modified_time\" content=\"2021-11-21T02:12:20+00:00\" \/>\n<meta property=\"og:image\" content=\"https:\/\/balalaikarus.de\/wp-content\/uploads\/2016\/02\/paperny.jpg\" \/>\n\t<meta property=\"og:image:width\" content=\"1280\" \/>\n\t<meta property=\"og:image:height\" content=\"993\" \/>\n\t<meta property=\"og:image:type\" content=\"image\/jpeg\" \/>\n<meta name=\"twitter:card\" content=\"summary_large_image\" \/>\n<script type=\"application\/ld+json\" class=\"yoast-schema-graph\">{\"@context\":\"https:\\\/\\\/schema.org\",\"@graph\":[{\"@type\":\"WebPage\",\"@id\":\"https:\\\/\\\/balalaikarus.de\\\/musik\\\/\",\"url\":\"https:\\\/\\\/balalaikarus.de\\\/musik\\\/\",\"name\":\"CDs - \u0410\u043b\u0435\u043a\u0441\u0430\u043d\u0434\u0440 \u041f\u0430\u043f\u0435\u0440\u043d\u044b\u0439\",\"isPartOf\":{\"@id\":\"https:\\\/\\\/balalaikarus.de\\\/#website\"},\"datePublished\":\"2015-11-17T11:01:06+00:00\",\"dateModified\":\"2021-11-21T02:12:20+00:00\",\"description\":\"Was k\u00f6nnte die geheimnisvolle russische Seele besser ausdr\u00fccken als die Balalaika, deren virtuose Klangm\u00f6glichkeiten Alexander Paperny uns vorf\u00fchrt?\",\"breadcrumb\":{\"@id\":\"https:\\\/\\\/balalaikarus.de\\\/musik\\\/#breadcrumb\"},\"inLanguage\":\"ru-RU\",\"potentialAction\":[{\"@type\":\"ReadAction\",\"target\":[\"https:\\\/\\\/balalaikarus.de\\\/musik\\\/\"]}]},{\"@type\":\"BreadcrumbList\",\"@id\":\"https:\\\/\\\/balalaikarus.de\\\/musik\\\/#breadcrumb\",\"itemListElement\":[{\"@type\":\"ListItem\",\"position\":1,\"name\":\"Home\",\"item\":\"https:\\\/\\\/balalaikarus.de\\\/\"},{\"@type\":\"ListItem\",\"position\":2,\"name\":\"CDs\"}]},{\"@type\":\"WebSite\",\"@id\":\"https:\\\/\\\/balalaikarus.de\\\/#website\",\"url\":\"https:\\\/\\\/balalaikarus.de\\\/\",\"name\":\"\u0410\u043b\u0435\u043a\u0441\u0430\u043d\u0434\u0440 \u041f\u0430\u043f\u0435\u0440\u043d\u044b\u0439\",\"description\":\"\u0424\u0430\u0441\u0446\u0438\u043d\u0430\u0446\u0438\u044f \u0431\u0430\u043b\u0430\u043b\u0430\u0439\u043a\u0438\",\"potentialAction\":[{\"@type\":\"SearchAction\",\"target\":{\"@type\":\"EntryPoint\",\"urlTemplate\":\"https:\\\/\\\/balalaikarus.de\\\/?s={search_term_string}\"},\"query-input\":{\"@type\":\"PropertyValueSpecification\",\"valueRequired\":true,\"valueName\":\"search_term_string\"}}],\"inLanguage\":\"ru-RU\"}]}<\/script>\n<!-- \/ Yoast SEO plugin. -->","yoast_head_json":{"title":"CDs - \u0410\u043b\u0435\u043a\u0441\u0430\u043d\u0434\u0440 \u041f\u0430\u043f\u0435\u0440\u043d\u044b\u0439","description":"Was k\u00f6nnte die geheimnisvolle russische Seele besser ausdr\u00fccken als die Balalaika, deren virtuose Klangm\u00f6glichkeiten Alexander Paperny uns vorf\u00fchrt?","robots":{"index":"index","follow":"follow","max-snippet":"max-snippet:-1","max-image-preview":"max-image-preview:large","max-video-preview":"max-video-preview:-1"},"canonical":"https:\/\/balalaikarus.de\/musik\/","og_locale":"ru_RU","og_type":"article","og_title":"CDs - \u0410\u043b\u0435\u043a\u0441\u0430\u043d\u0434\u0440 \u041f\u0430\u043f\u0435\u0440\u043d\u044b\u0439","og_description":"Was k\u00f6nnte die geheimnisvolle russische Seele besser ausdr\u00fccken als die Balalaika, deren virtuose Klangm\u00f6glichkeiten Alexander Paperny uns vorf\u00fchrt?","og_url":"https:\/\/balalaikarus.de\/musik\/","og_site_name":"\u0410\u043b\u0435\u043a\u0441\u0430\u043d\u0434\u0440 \u041f\u0430\u043f\u0435\u0440\u043d\u044b\u0439","article_publisher":"https:\/\/www.facebook.com\/alexander.paperny","article_modified_time":"2021-11-21T02:12:20+00:00","og_image":[{"width":1280,"height":993,"url":"https:\/\/balalaikarus.de\/wp-content\/uploads\/2016\/02\/paperny.jpg","type":"image\/jpeg"}],"twitter_card":"summary_large_image","schema":{"@context":"https:\/\/schema.org","@graph":[{"@type":"WebPage","@id":"https:\/\/balalaikarus.de\/musik\/","url":"https:\/\/balalaikarus.de\/musik\/","name":"CDs - \u0410\u043b\u0435\u043a\u0441\u0430\u043d\u0434\u0440 \u041f\u0430\u043f\u0435\u0440\u043d\u044b\u0439","isPartOf":{"@id":"https:\/\/balalaikarus.de\/#website"},"datePublished":"2015-11-17T11:01:06+00:00","dateModified":"2021-11-21T02:12:20+00:00","description":"Was k\u00f6nnte die geheimnisvolle russische Seele besser ausdr\u00fccken als die Balalaika, deren virtuose Klangm\u00f6glichkeiten Alexander Paperny uns vorf\u00fchrt?","breadcrumb":{"@id":"https:\/\/balalaikarus.de\/musik\/#breadcrumb"},"inLanguage":"ru-RU","potentialAction":[{"@type":"ReadAction","target":["https:\/\/balalaikarus.de\/musik\/"]}]},{"@type":"BreadcrumbList","@id":"https:\/\/balalaikarus.de\/musik\/#breadcrumb","itemListElement":[{"@type":"ListItem","position":1,"name":"Home","item":"https:\/\/balalaikarus.de\/"},{"@type":"ListItem","position":2,"name":"CDs"}]},{"@type":"WebSite","@id":"https:\/\/balalaikarus.de\/#website","url":"https:\/\/balalaikarus.de\/","name":"\u0410\u043b\u0435\u043a\u0441\u0430\u043d\u0434\u0440 \u041f\u0430\u043f\u0435\u0440\u043d\u044b\u0439","description":"\u0424\u0430\u0441\u0446\u0438\u043d\u0430\u0446\u0438\u044f \u0431\u0430\u043b\u0430\u043b\u0430\u0439\u043a\u0438","potentialAction":[{"@type":"SearchAction","target":{"@type":"EntryPoint","urlTemplate":"https:\/\/balalaikarus.de\/?s={search_term_string}"},"query-input":{"@type":"PropertyValueSpecification","valueRequired":true,"valueName":"search_term_string"}}],"inLanguage":"ru-RU"}]}},"_links":{"self":[{"href":"https:\/\/balalaikarus.de\/ru\/wp-json\/wp\/v2\/pages\/7","targetHints":{"allow":["GET"]}}],"collection":[{"href":"https:\/\/balalaikarus.de\/ru\/wp-json\/wp\/v2\/pages"}],"about":[{"href":"https:\/\/balalaikarus.de\/ru\/wp-json\/wp\/v2\/types\/page"}],"author":[{"embeddable":true,"href":"https:\/\/balalaikarus.de\/ru\/wp-json\/wp\/v2\/users\/2"}],"replies":[{"embeddable":true,"href":"https:\/\/balalaikarus.de\/ru\/wp-json\/wp\/v2\/comments?post=7"}],"version-history":[{"count":6,"href":"https:\/\/balalaikarus.de\/ru\/wp-json\/wp\/v2\/pages\/7\/revisions"}],"predecessor-version":[{"id":449,"href":"https:\/\/balalaikarus.de\/ru\/wp-json\/wp\/v2\/pages\/7\/revisions\/449"}],"wp:attachment":[{"href":"https:\/\/balalaikarus.de\/ru\/wp-json\/wp\/v2\/media?parent=7"}],"curies":[{"name":"wp","href":"https:\/\/api.w.org\/{rel}","templated":true}]}}